{"id":963,"date":"2025-11-05T05:34:41","date_gmt":"2025-11-05T05:34:41","guid":{"rendered":"https:\/\/childhoodandailab.org\/?page_id=963"},"modified":"2026-02-09T09:17:55","modified_gmt":"2026-02-09T09:17:55","slug":"about-the-lab","status":"publish","type":"page","link":"https:\/\/childhoodandailab.org\/fr\/about-the-lab\/","title":{"rendered":"\u00c0 propos du laboratoire"},"content":{"rendered":"<div data-elementor-type=\"wp-page\" data-elementor-id=\"963\" class=\"elementor elementor-963\" data-elementor-settings=\"{&quot;element_pack_global_tooltip_width&quot;:{&quot;unit&quot;:&quot;px&quot;,&quot;size&quot;:&quot;&quot;,&quot;sizes&quot;:[]},&quot;element_pack_global_tooltip_width_tablet&quot;:{&quot;unit&quot;:&quot;px&quot;,&quot;size&quot;:&quot;&quot;,&quot;sizes&quot;:[]},&quot;element_pack_global_tooltip_width_mobile&quot;:{&quot;unit&quot;:&quot;px&quot;,&quot;size&quot;:&quot;&quot;,&quot;sizes&quot;:[]},&quot;element_pack_global_tooltip_padding&quot;:{&quot;unit&quot;:&quot;px&quot;,&quot;top&quot;:&quot;&quot;,&quot;right&quot;:&quot;&quot;,&quot;bottom&quot;:&quot;&quot;,&quot;left&quot;:&quot;&quot;,&quot;isLinked&quot;:true},&quot;element_pack_global_tooltip_padding_tablet&quot;:{&quot;unit&quot;:&quot;px&quot;,&quot;top&quot;:&quot;&quot;,&quot;right&quot;:&quot;&quot;,&quot;bottom&quot;:&quot;&quot;,&quot;left&quot;:&quot;&quot;,&quot;isLinked&quot;:true},&quot;element_pack_global_tooltip_padding_mobile&quot;:{&quot;unit&quot;:&quot;px&quot;,&quot;top&quot;:&quot;&quot;,&quot;right&quot;:&quot;&quot;,&quot;bottom&quot;:&quot;&quot;,&quot;left&quot;:&quot;&quot;,&quot;isLinked&quot;:true},&quot;element_pack_global_tooltip_border_radius&quot;:{&quot;unit&quot;:&quot;px&quot;,&quot;top&quot;:&quot;&quot;,&quot;right&quot;:&quot;&quot;,&quot;bottom&quot;:&quot;&quot;,&quot;left&quot;:&quot;&quot;,&quot;isLinked&quot;:true},&quot;element_pack_global_tooltip_border_radius_tablet&quot;:{&quot;unit&quot;:&quot;px&quot;,&quot;top&quot;:&quot;&quot;,&quot;right&quot;:&quot;&quot;,&quot;bottom&quot;:&quot;&quot;,&quot;left&quot;:&quot;&quot;,&quot;isLinked&quot;:true},&quot;element_pack_global_tooltip_border_radius_mobile&quot;:{&quot;unit&quot;:&quot;px&quot;,&quot;top&quot;:&quot;&quot;,&quot;right&quot;:&quot;&quot;,&quot;bottom&quot;:&quot;&quot;,&quot;left&quot;:&quot;&quot;,&quot;isLinked&quot;:true}}\" data-elementor-post-type=\"page\">\n\t\t\t\t<div class=\"elementor-element elementor-element-e8996d2 e-flex e-con-boxed e-con e-parent\" data-id=\"e8996d2\" data-element_type=\"container\" data-settings=\"{&quot;background_background&quot;:&quot;classic&quot;}\">\n\t\t\t\t\t<div class=\"e-con-inner\">\n\t\t\t\t<div class=\"elementor-element elementor-element-3b84078 elementor-widget elementor-widget-heading\" data-id=\"3b84078\" data-element_type=\"widget\" data-widget_type=\"heading.default\">\n\t\t\t\t\t<h2 class=\"elementor-heading-title elementor-size-default\">\u00c0 propos du laboratoire<\/h2>\t\t\t\t<\/div>\n\t\t\t\t<div class=\"elementor-element elementor-element-c583fcd elementor-widget elementor-widget-text-editor\" data-id=\"c583fcd\" data-element_type=\"widget\" data-widget_type=\"text-editor.default\">\n\t\t\t\t\t\t\t\t\t<p>The Childhood and AI Lab is a global research and action center \u2014 and a project of <a href=\"http:\/\/AIChildSafety.org\">AIChildSafety.org<\/a> \u2014 working to ensure AI strengthens, rather than weakens, childhood attention, curiosity, creativity, critical thinking, and social skills.<\/p>\t\t\t\t\t\t\t\t<\/div>\n\t\t\t\t\t<\/div>\n\t\t\t\t<\/div>\n\t\t<div class=\"elementor-element elementor-element-3d9433a e-flex e-con-boxed e-con e-parent\" data-id=\"3d9433a\" data-element_type=\"container\">\n\t\t\t\t\t<div class=\"e-con-inner\">\n\t\t<div class=\"elementor-element elementor-element-73d772f e-con-full e-flex e-con e-child\" data-id=\"73d772f\" data-element_type=\"container\">\n\t\t\t\t<div class=\"elementor-element elementor-element-9be595c elementor-widget elementor-widget-heading\" data-id=\"9be595c\" data-element_type=\"widget\" data-widget_type=\"heading.default\">\n\t\t\t\t\t<h2 class=\"elementor-heading-title elementor-size-default\">Why Now ?<\/h2>\t\t\t\t<\/div>\n\t\t\t\t<div class=\"elementor-element elementor-element-5427b00 elementor-widget elementor-widget-text-editor\" data-id=\"5427b00\" data-element_type=\"widget\" data-widget_type=\"text-editor.default\">\n\t\t\t\t\t\t\t\t\t<p>In an era where artificial intelligence is rapidly reshaping every aspect of human life, children stand at a unique crossroads. From smart toys and educational platforms to conversational AI companions, today\u2019s children are the first generation growing up fully immersed in AI. This technological immersion is already transforming how children think, learn, create, and relate \u2013 yet society is proceeding without adequate evidence, standards, or safeguards.<\/p>\t\t\t\t\t\t\t\t<\/div>\n\t\t\t\t<div class=\"elementor-element elementor-element-066e4e5 elementor-widget-divider--view-line elementor-widget elementor-widget-divider\" data-id=\"066e4e5\" data-element_type=\"widget\" data-widget_type=\"divider.default\">\n\t\t\t\t\t\t\t<div class=\"elementor-divider\">\n\t\t\t<span class=\"elementor-divider-separator\">\n\t\t\t\t\t\t<\/span>\n\t\t<\/div>\n\t\t\t\t\t\t<\/div>\n\t\t\t\t<div class=\"elementor-element elementor-element-872c6b4 elementor-widget elementor-widget-heading\" data-id=\"872c6b4\" data-element_type=\"widget\" data-widget_type=\"heading.default\">\n\t\t\t\t\t<h2 class=\"elementor-heading-title elementor-size-default\">Notre mod\u00e8le\n<\/h2>\t\t\t\t<\/div>\n\t\t\t\t<div class=\"elementor-element elementor-element-92b0dbb elementor-widget elementor-widget-text-editor\" data-id=\"92b0dbb\" data-element_type=\"widget\" data-widget_type=\"text-editor.default\">\n\t\t\t\t\t\t\t\t\t<header class=\"section\"><div class=\"container\"><p><a href=\"https:\/\/aichildsafety.org\/\"><strong>AIChildSafety.org<\/strong><\/a> was founded to address this critical gap by conducting research into the effects of AI on children and youth and helping NGOs, tech companies, and governments navigate AI risks to ensure every child can learn, thrive, and participate safely in an AI-powered world. One of the ways we do this is through our <strong>Childhood and AI Research Fellowship<\/strong>, which gathers a wide spectrum of researchers committed to understanding and addressing the effects of AI on children.<\/p><\/div><\/header>\t\t\t\t\t\t\t\t<\/div>\n\t\t\t\t<\/div>\n\t\t<div class=\"elementor-element elementor-element-bc24fa6 e-con-full e-flex e-con e-child\" data-id=\"bc24fa6\" data-element_type=\"container\">\n\t\t<div class=\"elementor-element elementor-element-72ad3ef e-con-full e-flex e-con e-child\" data-id=\"72ad3ef\" data-element_type=\"container\" data-settings=\"{&quot;background_background&quot;:&quot;classic&quot;}\">\n\t\t\t\t<div class=\"elementor-element elementor-element-14f35e9 elementor-widget elementor-widget-heading\" data-id=\"14f35e9\" data-element_type=\"widget\" data-widget_type=\"heading.default\">\n\t\t\t\t\t<h2 class=\"elementor-heading-title elementor-size-default\">Premier programme\u00a0: bourse de recherche<\/h2>\t\t\t\t<\/div>\n\t\t\t\t<div class=\"elementor-element elementor-element-45aec44 elementor-widget elementor-widget-text-editor\" data-id=\"45aec44\" data-element_type=\"widget\" data-widget_type=\"text-editor.default\">\n\t\t\t\t\t\t\t\t\t<p>The Lab launched with the\u00a0<strong>Bourse de recherche<\/strong> \u2013 a crossdisciplinary community advancing evidence on AI\u2019s effects on childhood and translating insights into practice.<\/p>\t\t\t\t\t\t\t\t<\/div>\n\t\t\t\t<div class=\"elementor-element elementor-element-525b9b0 elementor-align-left elementor-widget elementor-widget-button\" data-id=\"525b9b0\" data-element_type=\"widget\" data-widget_type=\"button.default\">\n\t\t\t\t\t\t\t\t\t\t<a class=\"elementor-button elementor-button-link elementor-size-sm\" href=\"\/fr\/about-the-fellowship\/\">\n\t\t\t\t\t\t<span class=\"elementor-button-content-wrapper\">\n\t\t\t\t\t\t\t\t\t<span class=\"elementor-button-text\">Explorez la bourse<\/span>\n\t\t\t\t\t<\/span>\n\t\t\t\t\t<\/a>\n\t\t\t\t\t\t\t\t<\/div>\n\t\t\t\t<\/div>\n\t\t<div class=\"elementor-element elementor-element-e6aa942 e-con-full e-flex e-con e-child\" data-id=\"e6aa942\" data-element_type=\"container\" data-settings=\"{&quot;background_background&quot;:&quot;classic&quot;}\">\n\t\t\t\t<div class=\"elementor-element elementor-element-d11956e elementor-widget elementor-widget-heading\" data-id=\"d11956e\" data-element_type=\"widget\" data-widget_type=\"heading.default\">\n\t\t\t\t\t<h2 class=\"elementor-heading-title elementor-size-default\">Quelle est la prochaine \u00e9tape<\/h2>\t\t\t\t<\/div>\n\t\t\t\t<div class=\"elementor-element elementor-element-a01d17d elementor-widget elementor-widget-text-editor\" data-id=\"a01d17d\" data-element_type=\"widget\" data-widget_type=\"text-editor.default\">\n\t\t\t\t\t\t\t\t\t<section class=\"section\"><div class=\"container grid-2\"><aside><div class=\"card\"><ul><li>Webinaires et s\u00e9minaires ouverts ax\u00e9s sur ce que disent les donn\u00e9es probantes actuelles sur les effets de l'IA sur les enfants<\/li><li>Recherches originales et cohortes longitudinales<\/li><li>Red Teaming et \u00e9valuations de s\u00e9curit\u00e9 du d\u00e9veloppement<\/li><li>Normes et cadres de risque align\u00e9s sur la r\u00e9glementation<\/li><li>Co-conception de produits et programmes d\u2019initiation \u00e0 l\u2019IA<\/li><li>Practical research to help governmental technology regulators and technology platforms protect children\u201d Make that the third bullet point<\/li><\/ul><\/div><\/aside><\/div><\/section><section class=\"section\"><div class=\"container\">\u00a0<\/div><\/section>\t\t\t\t\t\t\t\t<\/div>\n\t\t\t\t<\/div>\n\t\t\t\t<\/div>\n\t\t\t\t\t<\/div>\n\t\t\t\t<\/div>\n\t\t<div class=\"elementor-element elementor-element-2924bd6 e-flex e-con-boxed e-con e-parent\" data-id=\"2924bd6\" data-element_type=\"container\">\n\t\t\t\t\t<div class=\"e-con-inner\">\n\t\t\t\t<div class=\"elementor-element elementor-element-701ba07 elementor-widget elementor-widget-heading\" data-id=\"701ba07\" data-element_type=\"widget\" data-widget_type=\"heading.default\">\n\t\t\t\t\t<h2 class=\"elementor-heading-title elementor-size-default\">Activit\u00e9s principales<\/h2>\t\t\t\t<\/div>\n\t\t\t\t\t<\/div>\n\t\t\t\t<\/div>\n\t\t<div class=\"elementor-element elementor-element-f382847 e-flex e-con-boxed e-con e-parent\" data-id=\"f382847\" data-element_type=\"container\">\n\t\t\t\t\t<div class=\"e-con-inner\">\n\t\t<div class=\"elementor-element elementor-element-33fd0fb e-con-full e-flex e-con e-child\" data-id=\"33fd0fb\" data-element_type=\"container\">\n\t\t<div class=\"elementor-element elementor-element-24d98f1 e-con-full e-flex e-con e-child\" data-id=\"24d98f1\" data-element_type=\"container\" data-settings=\"{&quot;background_background&quot;:&quot;classic&quot;}\">\n\t\t\t\t<div class=\"elementor-element elementor-element-2180262 elementor-widget elementor-widget-heading\" data-id=\"2180262\" data-element_type=\"widget\" data-widget_type=\"heading.default\">\n\t\t\t\t\t<h2 class=\"elementor-heading-title elementor-size-default\">Recherche originale\n<\/h2>\t\t\t\t<\/div>\n\t\t\t\t<div class=\"elementor-element elementor-element-cdb53b9 elementor-widget elementor-widget-text-editor\" data-id=\"cdb53b9\" data-element_type=\"widget\" data-widget_type=\"text-editor.default\">\n\t\t\t\t\t\t\t\t\t<p>Nous m\u00e8nerons des \u00e9tudes coordonn\u00e9es du laboratoire \u00e0 la salle de classe jusqu'\u00e0 la maison pour comprendre les effets sur l'attention, la m\u00e9moire, la fonction ex\u00e9cutive, la cr\u00e9ativit\u00e9 et le d\u00e9veloppement social\u00a0; les r\u00e9sultats informeront les constructeurs, les r\u00e9gulateurs et les \u00e9coles.<\/p>\t\t\t\t\t\t\t\t<\/div>\n\t\t\t\t<\/div>\n\t\t\t\t<\/div>\n\t\t<div class=\"elementor-element elementor-element-19a369e e-con-full e-flex e-con e-child\" data-id=\"19a369e\" data-element_type=\"container\">\n\t\t<div class=\"elementor-element elementor-element-685a823 e-con-full e-flex e-con e-child\" data-id=\"685a823\" data-element_type=\"container\" data-settings=\"{&quot;background_background&quot;:&quot;classic&quot;}\">\n\t\t\t\t<div class=\"elementor-element elementor-element-898ecff elementor-widget elementor-widget-heading\" data-id=\"898ecff\" data-element_type=\"widget\" data-widget_type=\"heading.default\">\n\t\t\t\t\t<h2 class=\"elementor-heading-title elementor-size-default\">Ing\u00e9nierie de la s\u00e9curit\u00e9<\/h2>\t\t\t\t<\/div>\n\t\t\t\t<div class=\"elementor-element elementor-element-f831283 elementor-widget elementor-widget-text-editor\" data-id=\"f831283\" data-element_type=\"widget\" data-widget_type=\"text-editor.default\">\n\t\t\t\t\t\t\t\t\t<div class=\"card\"><p>Nous examinerons les syst\u00e8mes d\u2019IA pour d\u00e9tecter les risques li\u00e9s au d\u00e9veloppement et publierons nos \u00e9valuations et les mesures d\u2019att\u00e9nuation propos\u00e9es pour acc\u00e9l\u00e9rer des choix de produits plus s\u00fbrs.<\/p><\/div>\t\t\t\t\t\t\t\t<\/div>\n\t\t\t\t<\/div>\n\t\t\t\t<\/div>\n\t\t<div class=\"elementor-element elementor-element-d530b20 e-con-full e-flex e-con e-child\" data-id=\"d530b20\" data-element_type=\"container\">\n\t\t<div class=\"elementor-element elementor-element-b019987 e-con-full e-flex e-con e-child\" data-id=\"b019987\" data-element_type=\"container\" data-settings=\"{&quot;background_background&quot;:&quot;classic&quot;}\">\n\t\t\t\t<div class=\"elementor-element elementor-element-0295f8c elementor-widget elementor-widget-heading\" data-id=\"0295f8c\" data-element_type=\"widget\" data-widget_type=\"heading.default\">\n\t\t\t\t\t<h2 class=\"elementor-heading-title elementor-size-default\">Normes et risques\n<\/h2>\t\t\t\t<\/div>\n\t\t\t\t<div class=\"elementor-element elementor-element-4ae847f elementor-widget elementor-widget-text-editor\" data-id=\"4ae847f\" data-element_type=\"widget\" data-widget_type=\"text-editor.default\">\n\t\t\t\t\t\t\t\t\t<div class=\"card\"><p>Nous collaborerons avec d'autres entit\u00e9s pour promouvoir une norme de s\u00e9curit\u00e9 du d\u00e9veloppement de l'enfant qui d\u00e9finit les classes de risque d\u00e9veloppemental, les seuils de preuve et les niveaux d'assistance adapt\u00e9s \u00e0 l'\u00e2ge.<\/p><\/div><div class=\"card\">\u00a0<\/div>\t\t\t\t\t\t\t\t<\/div>\n\t\t\t\t<\/div>\n\t\t\t\t<\/div>\n\t\t<div class=\"elementor-element elementor-element-c211c55 e-con-full e-flex e-con e-child\" data-id=\"c211c55\" data-element_type=\"container\">\n\t\t<div class=\"elementor-element elementor-element-cc6b5f1 e-con-full e-flex e-con e-child\" data-id=\"cc6b5f1\" data-element_type=\"container\" data-settings=\"{&quot;background_background&quot;:&quot;classic&quot;}\">\n\t\t\t\t<div class=\"elementor-element elementor-element-77d22cf elementor-widget elementor-widget-heading\" data-id=\"77d22cf\" data-element_type=\"widget\" data-widget_type=\"heading.default\">\n\t\t\t\t\t<h2 class=\"elementor-heading-title elementor-size-default\">Co\u2011conception et alphab\u00e9tisation\n<\/h2>\t\t\t\t<\/div>\n\t\t\t\t<div class=\"elementor-element elementor-element-af0f2e2 elementor-widget elementor-widget-text-editor\" data-id=\"af0f2e2\" data-element_type=\"widget\" data-widget_type=\"text-editor.default\">\n\t\t\t\t\t\t\t\t\t<section class=\"section\"><div class=\"container\"><div class=\"cards\"><div class=\"card\"><p>Nous cr\u00e9erons conjointement des mod\u00e8les de produits plus s\u00fbrs avec les jeunes, les parents et les enseignants, proposerons des programmes pratiques d'initiation \u00e0 l'IA et des politiques d'utilisation pour les familles et les \u00e9coles.<\/p><\/div><\/div><\/div><\/section>\t\t\t\t\t\t\t\t<\/div>\n\t\t\t\t<\/div>\n\t\t\t\t<\/div>\n\t\t\t\t\t<\/div>\n\t\t\t\t<\/div>\n\t\t<div class=\"elementor-element elementor-element-e30b043 e-flex e-con-boxed e-con e-parent\" data-id=\"e30b043\" data-element_type=\"container\">\n\t\t\t\t\t<div class=\"e-con-inner\">\n\t\t<div class=\"elementor-element elementor-element-34b4e03 e-con-full e-flex e-con e-child\" data-id=\"34b4e03\" data-element_type=\"container\">\n\t\t\t\t<div class=\"elementor-element elementor-element-c98b0c3 elementor-widget elementor-widget-heading\" data-id=\"c98b0c3\" data-element_type=\"widget\" data-widget_type=\"heading.default\">\n\t\t\t\t\t<h2 class=\"elementor-heading-title elementor-size-default\">Mesurer l'impact<\/h2>\t\t\t\t<\/div>\n\t\t\t\t<div class=\"elementor-element elementor-element-92d726d elementor-widget elementor-widget-text-editor\" data-id=\"92d726d\" data-element_type=\"widget\" data-widget_type=\"text-editor.default\">\n\t\t\t\t\t\t\t\t\t<div><p>Notre approche consiste \u00e0 mesurer ce qui compte : la stabilit\u00e9 de l'attention, la fonction ex\u00e9cutive, la pens\u00e9e critique, l'expression cr\u00e9ative, la sant\u00e9 socio-\u00e9motionnelle \u2014 ainsi que les mod\u00e8les de produits et les d\u00e9cisions de s\u00e9curit\u00e9 qui les influencent. Les r\u00e9sultats seront publi\u00e9s dans un Evidence Commons ouvert pour le bien public.<\/p><\/div>\t\t\t\t\t\t\t\t<\/div>\n\t\t\t\t<\/div>\n\t\t<div class=\"elementor-element elementor-element-e4758d2 e-con-full e-flex e-con e-child\" data-id=\"e4758d2\" data-element_type=\"container\">\n\t\t<div class=\"elementor-element elementor-element-f90c113 e-con-full e-flex e-con e-child\" data-id=\"f90c113\" data-element_type=\"container\" data-settings=\"{&quot;background_background&quot;:&quot;classic&quot;}\">\n\t\t\t\t<div class=\"elementor-element elementor-element-3f9f525 elementor-widget elementor-widget-heading\" data-id=\"3f9f525\" data-element_type=\"widget\" data-widget_type=\"heading.default\">\n\t\t\t\t\t<h2 class=\"elementor-heading-title elementor-size-default\">Gouvernance et sauvegarde<\/h2>\t\t\t\t<\/div>\n\t\t\t\t<div class=\"elementor-element elementor-element-9f7a16b elementor-widget elementor-widget-text-editor\" data-id=\"9f7a16b\" data-element_type=\"widget\" data-widget_type=\"text-editor.default\">\n\t\t\t\t\t\t\t\t\t<section class=\"section\"><div class=\"container grid-2\"><aside><div class=\"card\"><p>Nous fonctionnerons avec des protocoles robustes de protection des enfants, des m\u00e9canismes permettant aux jeunes de participer \u00e0 la prise de d\u00e9cision, un syst\u00e8me de demande d'approbation de l'IRB et une minimisation stricte des donn\u00e9es et des protections de la vie priv\u00e9e.<\/p><\/div><\/aside><\/div><\/section>\t\t\t\t\t\t\t\t<\/div>\n\t\t\t\t<\/div>\n\t\t\t\t<\/div>\n\t\t\t\t\t<\/div>\n\t\t\t\t<\/div>\n\t\t<div class=\"elementor-element elementor-element-3c548a7 e-flex e-con-boxed e-con e-parent\" data-id=\"3c548a7\" data-element_type=\"container\">\n\t\t\t\t\t<div class=\"e-con-inner\">\n\t\t\t\t<div class=\"elementor-element elementor-element-c236801 elementor-widget elementor-widget-heading\" data-id=\"c236801\" data-element_type=\"widget\" data-widget_type=\"heading.default\">\n\t\t\t\t\t<h2 class=\"elementor-heading-title elementor-size-default\">Partenaire du Lab\n<\/h2>\t\t\t\t<\/div>\n\t\t\t\t<div class=\"elementor-element elementor-element-f945edb elementor-widget elementor-widget-text-editor\" data-id=\"f945edb\" data-element_type=\"widget\" data-widget_type=\"text-editor.default\">\n\t\t\t\t\t\t\t\t\t<p>Nous collaborons avec des ONG, des \u00e9coles, des gouvernements et des entreprises technologiques pour traduire les preuves en une IA plus s\u00fbre et plus efficace pour les enfants.<\/p>\t\t\t\t\t\t\t\t<\/div>\n\t\t\t\t\t<\/div>\n\t\t\t\t<\/div>\n\t\t<div class=\"elementor-element elementor-element-0764876 e-flex e-con-boxed e-con e-parent\" data-id=\"0764876\" data-element_type=\"container\">\n\t\t\t\t\t<div class=\"e-con-inner\">\n\t\t\t\t<div class=\"elementor-element elementor-element-e1c46ed elementor-button-align-start elementor-widget elementor-widget-form\" data-id=\"e1c46ed\" data-element_type=\"widget\" data-settings=\"{&quot;step_next_label&quot;:&quot;Next&quot;,&quot;step_previous_label&quot;:&quot;Previous&quot;,&quot;button_width&quot;:&quot;100&quot;,&quot;step_type&quot;:&quot;number_text&quot;,&quot;step_icon_shape&quot;:&quot;circle&quot;}\" data-widget_type=\"form.default\">\n\t\t\t\t\t\t\t<form class=\"elementor-form\" method=\"post\" name=\"New Form\" aria-label=\"Nouveau formulaire\" action=\"\">\n\t\t\t<input type=\"hidden\" name=\"post_id\" value=\"963\"\/>\n\t\t\t<input type=\"hidden\" name=\"form_id\" value=\"e1c46ed\"\/>\n\t\t\t<input type=\"hidden\" name=\"referer_title\" value=\"About the Lab\" \/>\n\n\t\t\t\t\t\t\t<input type=\"hidden\" name=\"queried_id\" value=\"963\"\/>\n\t\t\t\n\t\t\t<div class=\"elementor-form-fields-wrapper elementor-labels-above\">\n\t\t\t\t\t\t\t\t<div class=\"elementor-field-type-text elementor-field-group elementor-column elementor-field-group-name elementor-col-100\">\n\t\t\t\t\t\t\t\t\t\t\t\t<label for=\"form-field-name\" class=\"elementor-field-label\">\n\t\t\t\t\t\t\t\tNom\t\t\t\t\t\t\t<\/label>\n\t\t\t\t\t\t\t\t\t\t\t\t\t\t<input size=\"1\" type=\"text\" name=\"form_fields[name]\" id=\"form-field-name\" class=\"elementor-field elementor-size-sm  elementor-field-textual\" placeholder=\"Nom\">\n\t\t\t\t\t\t\t\t\t\t\t<\/div>\n\t\t\t\t\t\t\t\t<div class=\"elementor-field-type-email elementor-field-group elementor-column elementor-field-group-email elementor-col-100 elementor-field-required\">\n\t\t\t\t\t\t\t\t\t\t\t\t<label for=\"form-field-email\" class=\"elementor-field-label\">\n\t\t\t\t\t\t\t\tAdresse e-mail\t\t\t\t\t\t\t<\/label>\n\t\t\t\t\t\t\t\t\t\t\t\t\t\t<input size=\"1\" type=\"email\" name=\"form_fields[email]\" id=\"form-field-email\" class=\"elementor-field elementor-size-sm  elementor-field-textual\" placeholder=\"Adresse e-mail\" required=\"required\">\n\t\t\t\t\t\t\t\t\t\t\t<\/div>\n\t\t\t\t\t\t\t\t<div class=\"elementor-field-type-textarea elementor-field-group elementor-column elementor-field-group-message elementor-col-100\">\n\t\t\t\t\t\t\t\t\t\t\t\t<label for=\"form-field-message\" class=\"elementor-field-label\">\n\t\t\t\t\t\t\t\tMessage\t\t\t\t\t\t\t<\/label>\n\t\t\t\t\t\t<textarea class=\"elementor-field-textual elementor-field  elementor-size-sm\" name=\"form_fields[message]\" id=\"form-field-message\" rows=\"4\" placeholder=\"Message\"><\/textarea>\t\t\t\t<\/div>\n\t\t\t\t\t\t\t\t<div class=\"elementor-field-group elementor-column elementor-field-type-submit elementor-col-100 e-form__buttons\">\n\t\t\t\t\t<button class=\"elementor-button elementor-size-sm\" type=\"submit\">\n\t\t\t\t\t\t<span class=\"elementor-button-content-wrapper\">\n\t\t\t\t\t\t\t\t\t\t\t\t\t\t\t\t\t\t\t\t\t\t<span class=\"elementor-button-text\">Envoyer<\/span>\n\t\t\t\t\t\t\t\t\t\t\t\t\t<\/span>\n\t\t\t\t\t<\/button>\n\t\t\t\t<\/div>\n\t\t\t<\/div>\n\t\t<input type=\"hidden\" name=\"trp-form-language\" value=\"fr\"\/><\/form>\n\t\t\t\t\t\t<\/div>\n\t\t\t\t\t<\/div>\n\t\t\t\t<\/div>\n\t\t\t\t<\/div>","protected":false},"excerpt":{"rendered":"<p>About the Lab The Childhood and AI Lab is a global research and action center \u2014 and a project of AIChildSafety.org \u2014 working to ensure AI strengthens, rather than weakens, childhood attention, curiosity, creativity, critical thinking, and social skills. Why Now ? In an era where artificial intelligence is rapidly reshaping every aspect of human [&hellip;]<\/p>","protected":false},"author":1,"featured_media":0,"parent":0,"menu_order":0,"comment_status":"closed","ping_status":"closed","template":"","meta":{"footnotes":""},"class_list":["post-963","page","type-page","status-publish","hentry"],"_links":{"self":[{"href":"https:\/\/childhoodandailab.org\/fr\/wp-json\/wp\/v2\/pages\/963","targetHints":{"allow":["GET"]}}],"collection":[{"href":"https:\/\/childhoodandailab.org\/fr\/wp-json\/wp\/v2\/pages"}],"about":[{"href":"https:\/\/childhoodandailab.org\/fr\/wp-json\/wp\/v2\/types\/page"}],"author":[{"embeddable":true,"href":"https:\/\/childhoodandailab.org\/fr\/wp-json\/wp\/v2\/users\/1"}],"replies":[{"embeddable":true,"href":"https:\/\/childhoodandailab.org\/fr\/wp-json\/wp\/v2\/comments?post=963"}],"version-history":[{"count":34,"href":"https:\/\/childhoodandailab.org\/fr\/wp-json\/wp\/v2\/pages\/963\/revisions"}],"predecessor-version":[{"id":1379,"href":"https:\/\/childhoodandailab.org\/fr\/wp-json\/wp\/v2\/pages\/963\/revisions\/1379"}],"wp:attachment":[{"href":"https:\/\/childhoodandailab.org\/fr\/wp-json\/wp\/v2\/media?parent=963"}],"curies":[{"name":"wp","href":"https:\/\/api.w.org\/{rel}","templated":true}]}}