{"id":953,"date":"2025-11-05T04:59:14","date_gmt":"2025-11-05T04:59:14","guid":{"rendered":"https:\/\/childhoodandailab.org\/?page_id=953"},"modified":"2026-02-09T09:25:24","modified_gmt":"2026-02-09T09:25:24","slug":"about-the-fellowship","status":"publish","type":"page","link":"https:\/\/childhoodandailab.org\/fr\/about-the-fellowship\/","title":{"rendered":"\u00c0 propos de la bourse"},"content":{"rendered":"<div data-elementor-type=\"wp-page\" data-elementor-id=\"953\" class=\"elementor elementor-953\" data-elementor-settings=\"{&quot;element_pack_global_tooltip_width&quot;:{&quot;unit&quot;:&quot;px&quot;,&quot;size&quot;:&quot;&quot;,&quot;sizes&quot;:[]},&quot;element_pack_global_tooltip_width_tablet&quot;:{&quot;unit&quot;:&quot;px&quot;,&quot;size&quot;:&quot;&quot;,&quot;sizes&quot;:[]},&quot;element_pack_global_tooltip_width_mobile&quot;:{&quot;unit&quot;:&quot;px&quot;,&quot;size&quot;:&quot;&quot;,&quot;sizes&quot;:[]},&quot;element_pack_global_tooltip_padding&quot;:{&quot;unit&quot;:&quot;px&quot;,&quot;top&quot;:&quot;&quot;,&quot;right&quot;:&quot;&quot;,&quot;bottom&quot;:&quot;&quot;,&quot;left&quot;:&quot;&quot;,&quot;isLinked&quot;:true},&quot;element_pack_global_tooltip_padding_tablet&quot;:{&quot;unit&quot;:&quot;px&quot;,&quot;top&quot;:&quot;&quot;,&quot;right&quot;:&quot;&quot;,&quot;bottom&quot;:&quot;&quot;,&quot;left&quot;:&quot;&quot;,&quot;isLinked&quot;:true},&quot;element_pack_global_tooltip_padding_mobile&quot;:{&quot;unit&quot;:&quot;px&quot;,&quot;top&quot;:&quot;&quot;,&quot;right&quot;:&quot;&quot;,&quot;bottom&quot;:&quot;&quot;,&quot;left&quot;:&quot;&quot;,&quot;isLinked&quot;:true},&quot;element_pack_global_tooltip_border_radius&quot;:{&quot;unit&quot;:&quot;px&quot;,&quot;top&quot;:&quot;&quot;,&quot;right&quot;:&quot;&quot;,&quot;bottom&quot;:&quot;&quot;,&quot;left&quot;:&quot;&quot;,&quot;isLinked&quot;:true},&quot;element_pack_global_tooltip_border_radius_tablet&quot;:{&quot;unit&quot;:&quot;px&quot;,&quot;top&quot;:&quot;&quot;,&quot;right&quot;:&quot;&quot;,&quot;bottom&quot;:&quot;&quot;,&quot;left&quot;:&quot;&quot;,&quot;isLinked&quot;:true},&quot;element_pack_global_tooltip_border_radius_mobile&quot;:{&quot;unit&quot;:&quot;px&quot;,&quot;top&quot;:&quot;&quot;,&quot;right&quot;:&quot;&quot;,&quot;bottom&quot;:&quot;&quot;,&quot;left&quot;:&quot;&quot;,&quot;isLinked&quot;:true}}\" data-elementor-post-type=\"page\">\n\t\t\t\t<div class=\"elementor-element elementor-element-3c2cd12 e-flex e-con-boxed e-con e-parent\" data-id=\"3c2cd12\" data-element_type=\"container\" data-settings=\"{&quot;background_background&quot;:&quot;classic&quot;}\">\n\t\t\t\t\t<div class=\"e-con-inner\">\n\t\t\t\t<div class=\"elementor-element elementor-element-cf9307c elementor-widget elementor-widget-heading\" data-id=\"cf9307c\" data-element_type=\"widget\" data-widget_type=\"heading.default\">\n\t\t\t\t\t<h2 class=\"elementor-heading-title elementor-size-default\">\u00c0 propos de la bourse<\/h2>\t\t\t\t<\/div>\n\t\t\t\t<div class=\"elementor-element elementor-element-ffbff41 elementor-widget elementor-widget-text-editor\" data-id=\"ffbff41\" data-element_type=\"widget\" data-widget_type=\"text-editor.default\">\n\t\t\t\t\t\t\t\t\t<p>The Childhood and AI Lab Research Fellowship brings together innovative scholars investigating how AI affects children\u2019s cognition, learning, social relationships, mental health, creativity, identity, autonomy, and overall development and wellbeing.<\/p>\t\t\t\t\t\t\t\t<\/div>\n\t\t\t\t\t<\/div>\n\t\t\t\t<\/div>\n\t\t<div class=\"elementor-element elementor-element-3d9433a e-flex e-con-boxed e-con e-parent\" data-id=\"3d9433a\" data-element_type=\"container\">\n\t\t\t\t\t<div class=\"e-con-inner\">\n\t\t<div class=\"elementor-element elementor-element-73d772f e-con-full e-flex e-con e-child\" data-id=\"73d772f\" data-element_type=\"container\">\n\t\t\t\t<div class=\"elementor-element elementor-element-9be595c elementor-widget elementor-widget-heading\" data-id=\"9be595c\" data-element_type=\"widget\" data-widget_type=\"heading.default\">\n\t\t\t\t\t<h2 class=\"elementor-heading-title elementor-size-default\">Aper\u00e7u du programme<\/h2>\t\t\t\t<\/div>\n\t\t\t\t<div class=\"elementor-element elementor-element-5427b00 elementor-widget elementor-widget-text-editor\" data-id=\"5427b00\" data-element_type=\"widget\" data-widget_type=\"text-editor.default\">\n\t\t\t\t\t\t\t\t\t<header class=\"section\"><div class=\"container\"><p class=\"lead\">La bourse \u00e9largit le nombre de chercheurs dont le travail fait progresser notre compr\u00e9hension de la mani\u00e8re dont l\u2019intelligence artificielle fa\u00e7onne l\u2019attention, l\u2019apprentissage, la cr\u00e9ativit\u00e9, le d\u00e9veloppement social et la prise de d\u00e9cision chez les enfants et les adolescents. Les boursiers relient la science du d\u00e9veloppement et la technologie afin de traduire les r\u00e9sultats en conseils pratiques pour les familles, les \u00e9ducateurs, les d\u00e9cideurs politiques et les technologues. La communaut\u00e9 est volontairement interdisciplinaire : les scientifiques cognitifs apprennent des informaticiens ; les ethnographes \u00e9clairent les neuroscientifiques ; les chercheurs en \u00e9ducation collaborent avec les \u00e9thiciens, permettant ainsi aux id\u00e9es d\u2019\u00e9voluer plus rapidement et d\u2019aller plus loin.<\/p><\/div><\/header>\t\t\t\t\t\t\t\t<\/div>\n\t\t\t\t<div class=\"elementor-element elementor-element-066e4e5 elementor-widget-divider--view-line elementor-widget elementor-widget-divider\" data-id=\"066e4e5\" data-element_type=\"widget\" data-widget_type=\"divider.default\">\n\t\t\t\t\t\t\t<div class=\"elementor-divider\">\n\t\t\t<span class=\"elementor-divider-separator\">\n\t\t\t\t\t\t<\/span>\n\t\t<\/div>\n\t\t\t\t\t\t<\/div>\n\t\t\t\t<div class=\"elementor-element elementor-element-872c6b4 elementor-widget elementor-widget-heading\" data-id=\"872c6b4\" data-element_type=\"widget\" data-widget_type=\"heading.default\">\n\t\t\t\t\t<h2 class=\"elementor-heading-title elementor-size-default\">Our Fellows Come from Diverse Backgrounds and Fields of Study<\/h2>\t\t\t\t<\/div>\n\t\t\t\t<div class=\"elementor-element elementor-element-92b0dbb elementor-widget elementor-widget-text-editor\" data-id=\"92b0dbb\" data-element_type=\"widget\" data-widget_type=\"text-editor.default\">\n\t\t\t\t\t\t\t\t\t<header class=\"section\"><div class=\"container\"><ul><li><strong>Chercheurs d\u00e9butants<\/strong>\u00a0\u00e9tudier les effets de l\u2019IA sur les enfants.<\/li><li><strong>Chercheurs exp\u00e9riment\u00e9s<\/strong>\u00a0bringing deep cross-disciplinary expertise from psychology, education, computer science, neuroscience, public health, ethics, and related fields.<\/li><li><strong>Penseurs interdisciplinaires<\/strong>\u00a0bridging multiple fields to tackle questions no single discipline can answer alone<\/li><li><strong>Researchers in the Global South<\/strong> and those bringing diverse cultural perspectives to ensure our work reflects children\u2019s experiences worldwide<\/li><li><strong>Experts en IA et chercheurs techniques<\/strong>\u00a0int\u00e9ress\u00e9s par la fa\u00e7on dont les syst\u00e8mes sont utilis\u00e9s par les enfants (p. ex., \u00e9valuation de mod\u00e8les, \u00e9quipe rouge).<\/li><li><strong>Praticiens\u2011chercheurs<\/strong>\u00a0dans des ONG, des agences des Nations Unies, des gouvernements ou des institutions alli\u00e9es menant des recherches appliqu\u00e9es dans le domaine.<\/li><\/ul><div>\u00a0<\/div><\/div><\/header>\t\t\t\t\t\t\t\t<\/div>\n\t\t\t\t<\/div>\n\t\t<div class=\"elementor-element elementor-element-bc24fa6 e-con-full e-flex e-con e-child\" data-id=\"bc24fa6\" data-element_type=\"container\">\n\t\t<div class=\"elementor-element elementor-element-e6aa942 e-con-full e-flex e-con e-child\" data-id=\"e6aa942\" data-element_type=\"container\" data-settings=\"{&quot;background_background&quot;:&quot;classic&quot;}\">\n\t\t\t\t<div class=\"elementor-element elementor-element-d11956e elementor-widget elementor-widget-heading\" data-id=\"d11956e\" data-element_type=\"widget\" data-widget_type=\"heading.default\">\n\t\t\t\t\t<h2 class=\"elementor-heading-title elementor-size-default\">Aper\u00e7u du programme<\/h2>\t\t\t\t<\/div>\n\t\t\t\t<div class=\"elementor-element elementor-element-a01d17d elementor-widget elementor-widget-text-editor\" data-id=\"a01d17d\" data-element_type=\"widget\" data-widget_type=\"text-editor.default\">\n\t\t\t\t\t\t\t\t\t<header class=\"section\"><div class=\"container\"><div class=\"card\"><ul><li><strong>Dur\u00e9e :<\/strong>\u00a0Dur\u00e9es renouvelables annuelles ou bisannuelles<\/li><li><strong>Engagement :<\/strong>\u00a0~2\u20134 heures\/mois ; pics pendant les symposiums et collaborations<\/li><li><strong>Format :<\/strong>\u00a0En ligne, mondial, interdisciplinaire<\/li><\/ul><\/div><div class=\"card\">\u00a0<\/div><\/div><\/header>\t\t\t\t\t\t\t\t<\/div>\n\t\t\t\t<\/div>\n\t\t<div class=\"elementor-element elementor-element-72ad3ef e-con-full elementor-hidden-desktop elementor-hidden-tablet elementor-hidden-mobile e-flex e-con e-child\" data-id=\"72ad3ef\" data-element_type=\"container\" data-settings=\"{&quot;background_background&quot;:&quot;classic&quot;}\">\n\t\t\t\t<div class=\"elementor-element elementor-element-14f35e9 elementor-widget elementor-widget-heading\" data-id=\"14f35e9\" data-element_type=\"widget\" data-widget_type=\"heading.default\">\n\t\t\t\t\t<h2 class=\"elementor-heading-title elementor-size-default\">Postulez maintenant<\/h2>\t\t\t\t<\/div>\n\t\t\t\t<div class=\"elementor-element elementor-element-45aec44 elementor-widget elementor-widget-text-editor\" data-id=\"45aec44\" data-element_type=\"widget\" data-widget_type=\"text-editor.default\">\n\t\t\t\t\t\t\t\t\t<p>Les candidatures sont examin\u00e9es de mani\u00e8re continue.<\/p>\t\t\t\t\t\t\t\t<\/div>\n\t\t\t\t<div class=\"elementor-element elementor-element-525b9b0 elementor-align-left elementor-widget elementor-widget-button\" data-id=\"525b9b0\" data-element_type=\"widget\" data-widget_type=\"button.default\">\n\t\t\t\t\t\t\t\t\t\t<a class=\"elementor-button elementor-button-link elementor-size-sm\" href=\"\/fr\/apply\/\">\n\t\t\t\t\t\t<span class=\"elementor-button-content-wrapper\">\n\t\t\t\t\t\t\t\t\t<span class=\"elementor-button-text\">Appliquer<\/span>\n\t\t\t\t\t<\/span>\n\t\t\t\t\t<\/a>\n\t\t\t\t\t\t\t\t<\/div>\n\t\t\t\t<\/div>\n\t\t\t\t<\/div>\n\t\t\t\t\t<\/div>\n\t\t\t\t<\/div>\n\t\t<div class=\"elementor-element elementor-element-2924bd6 e-flex e-con-boxed e-con e-parent\" data-id=\"2924bd6\" data-element_type=\"container\">\n\t\t\t\t\t<div class=\"e-con-inner\">\n\t\t\t\t<div class=\"elementor-element elementor-element-701ba07 elementor-widget elementor-widget-heading\" data-id=\"701ba07\" data-element_type=\"widget\" data-widget_type=\"heading.default\">\n\t\t\t\t\t<h2 class=\"elementor-heading-title elementor-size-default\">Avantages<\/h2>\t\t\t\t<\/div>\n\t\t\t\t\t<\/div>\n\t\t\t\t<\/div>\n\t\t<div class=\"elementor-element elementor-element-f382847 e-flex e-con-boxed e-con e-parent\" data-id=\"f382847\" data-element_type=\"container\">\n\t\t\t\t\t<div class=\"e-con-inner\">\n\t\t<div class=\"elementor-element elementor-element-33fd0fb e-con-full e-flex e-con e-child\" data-id=\"33fd0fb\" data-element_type=\"container\">\n\t\t<div class=\"elementor-element elementor-element-24d98f1 e-con-full e-flex e-con e-child\" data-id=\"24d98f1\" data-element_type=\"container\" data-settings=\"{&quot;background_background&quot;:&quot;classic&quot;}\">\n\t\t\t\t<div class=\"elementor-element elementor-element-2180262 elementor-widget elementor-widget-heading\" data-id=\"2180262\" data-element_type=\"widget\" data-widget_type=\"heading.default\">\n\t\t\t\t\t<h2 class=\"elementor-heading-title elementor-size-default\">Visibilit\u00e9 professionnelle<\/h2>\t\t\t\t<\/div>\n\t\t\t\t<div class=\"elementor-element elementor-element-cdb53b9 elementor-widget elementor-widget-text-editor\" data-id=\"cdb53b9\" data-element_type=\"widget\" data-widget_type=\"text-editor.default\">\n\t\t\t\t\t\t\t\t\t<div class=\"card\"><ul><li>Active promotion through Lab channels and networks<\/li><li>Connexions avec les m\u00e9dias, les d\u00e9cideurs politiques et l\u2019industrie<\/li><li>Amplification aupr\u00e8s de diverses communaut\u00e9s de parties prenantes<\/li><\/ul><\/div>\t\t\t\t\t\t\t\t<\/div>\n\t\t\t\t<\/div>\n\t\t\t\t<\/div>\n\t\t<div class=\"elementor-element elementor-element-19a369e e-con-full e-flex e-con e-child\" data-id=\"19a369e\" data-element_type=\"container\">\n\t\t<div class=\"elementor-element elementor-element-685a823 e-con-full e-flex e-con e-child\" data-id=\"685a823\" data-element_type=\"container\" data-settings=\"{&quot;background_background&quot;:&quot;classic&quot;}\">\n\t\t\t\t<div class=\"elementor-element elementor-element-898ecff elementor-widget elementor-widget-heading\" data-id=\"898ecff\" data-element_type=\"widget\" data-widget_type=\"heading.default\">\n\t\t\t\t\t<h2 class=\"elementor-heading-title elementor-size-default\">Communaut\u00e9 intellectuelle<\/h2>\t\t\t\t<\/div>\n\t\t\t\t<div class=\"elementor-element elementor-element-f831283 elementor-widget elementor-widget-text-editor\" data-id=\"f831283\" data-element_type=\"widget\" data-widget_type=\"text-editor.default\">\n\t\t\t\t\t\t\t\t\t<ul><li>R\u00e9seau interdisciplinaire de chercheurs innovants<\/li><li>Engagement r\u00e9gulier sur les impacts soci\u00e9taux de l\u2019IA<\/li><li>Soutien par les pairs et r\u00e9solution collaborative de probl\u00e8mes<\/li><\/ul>\t\t\t\t\t\t\t\t<\/div>\n\t\t\t\t<\/div>\n\t\t\t\t<\/div>\n\t\t<div class=\"elementor-element elementor-element-d530b20 e-con-full e-flex e-con e-child\" data-id=\"d530b20\" data-element_type=\"container\">\n\t\t<div class=\"elementor-element elementor-element-b019987 e-con-full e-flex e-con e-child\" data-id=\"b019987\" data-element_type=\"container\" data-settings=\"{&quot;background_background&quot;:&quot;classic&quot;}\">\n\t\t\t\t<div class=\"elementor-element elementor-element-0295f8c elementor-widget elementor-widget-heading\" data-id=\"0295f8c\" data-element_type=\"widget\" data-widget_type=\"heading.default\">\n\t\t\t\t\t<h2 class=\"elementor-heading-title elementor-size-default\">D\u00e9veloppement de la recherche\n<\/h2>\t\t\t\t<\/div>\n\t\t\t\t<div class=\"elementor-element elementor-element-4ae847f elementor-widget elementor-widget-text-editor\" data-id=\"4ae847f\" data-element_type=\"widget\" data-widget_type=\"text-editor.default\">\n\t\t\t\t\t\t\t\t\t<div class=\"card\"><ul><li>Retour constructif \u00e0 travers les disciplines<\/li><li>Opportunit\u00e9s pour des subventions collaboratives et des \u00e9tudes multi-sites<\/li><li>Acc\u00e8s anticip\u00e9 aux r\u00e9sultats et m\u00e9thodes \u00e9mergents<\/li><li>Opportunit\u00e9s de mentorat formel ou informel (selon disponibilit\u00e9)<\/li><\/ul><\/div><div class=\"card\">\u00a0<\/div>\t\t\t\t\t\t\t\t<\/div>\n\t\t\t\t<\/div>\n\t\t\t\t<\/div>\n\t\t<div class=\"elementor-element elementor-element-c211c55 e-con-full e-flex e-con e-child\" data-id=\"c211c55\" data-element_type=\"container\">\n\t\t<div class=\"elementor-element elementor-element-cc6b5f1 e-con-full e-flex e-con e-child\" data-id=\"cc6b5f1\" data-element_type=\"container\" data-settings=\"{&quot;background_background&quot;:&quot;classic&quot;}\">\n\t\t\t\t<div class=\"elementor-element elementor-element-77d22cf elementor-widget elementor-widget-heading\" data-id=\"77d22cf\" data-element_type=\"widget\" data-widget_type=\"heading.default\">\n\t\t\t\t\t<h2 class=\"elementor-heading-title elementor-size-default\">Impact pratique<\/h2>\t\t\t\t<\/div>\n\t\t\t\t<div class=\"elementor-element elementor-element-af0f2e2 elementor-widget elementor-widget-text-editor\" data-id=\"af0f2e2\" data-element_type=\"widget\" data-widget_type=\"text-editor.default\">\n\t\t\t\t\t\t\t\t\t<section class=\"section\"><div class=\"container\"><div class=\"cards\"><div class=\"card\"><ul><li>Canaux pour traduire la recherche en politiques et pratiques<\/li><li>Connexions avec des partenaires de mise en \u0153uvre dans l\u2019\u00e9ducation, la technologie et le bien-\u00eatre des enfants<\/li><\/ul><\/div><\/div><\/div><\/section>\t\t\t\t\t\t\t\t<\/div>\n\t\t\t\t<\/div>\n\t\t\t\t<\/div>\n\t\t\t\t\t<\/div>\n\t\t\t\t<\/div>\n\t\t<div class=\"elementor-element elementor-element-b1951ff e-flex e-con-boxed e-con e-parent\" data-id=\"b1951ff\" data-element_type=\"container\">\n\t\t\t\t\t<div class=\"e-con-inner\">\n\t\t\t\t<div class=\"elementor-element elementor-element-e16d600 elementor-widget elementor-widget-heading\" data-id=\"e16d600\" data-element_type=\"widget\" data-widget_type=\"heading.default\">\n\t\t\t\t\t<h2 class=\"elementor-heading-title elementor-size-default\">Responsabilit\u00e9s du boursier<\/h2>\t\t\t\t<\/div>\n\t\t\t\t\t<\/div>\n\t\t\t\t<\/div>\n\t\t<div class=\"elementor-element elementor-element-b6729e0 e-flex e-con-boxed e-con e-parent\" data-id=\"b6729e0\" data-element_type=\"container\">\n\t\t\t\t\t<div class=\"e-con-inner\">\n\t\t<div class=\"elementor-element elementor-element-0421499 e-con-full e-flex e-con e-child\" data-id=\"0421499\" data-element_type=\"container\">\n\t\t<div class=\"elementor-element elementor-element-b5b9fa0 e-con-full e-flex e-con e-child\" data-id=\"b5b9fa0\" data-element_type=\"container\" data-settings=\"{&quot;background_background&quot;:&quot;classic&quot;}\">\n\t\t\t\t<div class=\"elementor-element elementor-element-22008f2 elementor-widget elementor-widget-heading\" data-id=\"22008f2\" data-element_type=\"widget\" data-widget_type=\"heading.default\">\n\t\t\t\t\t<h2 class=\"elementor-heading-title elementor-size-default\">Affiliation publique<\/h2>\t\t\t\t<\/div>\n\t\t\t\t<div class=\"elementor-element elementor-element-f18480c elementor-widget elementor-widget-text-editor\" data-id=\"f18480c\" data-element_type=\"widget\" data-widget_type=\"text-editor.default\">\n\t\t\t\t\t\t\t\t\t<div class=\"card\"><ul><li>Represent yourself as a Research Fellow of the Childhood and AI Lab<\/li><li>Include fellowship designation in professional communications and profiles<\/li><\/ul><\/div>\t\t\t\t\t\t\t\t<\/div>\n\t\t\t\t<\/div>\n\t\t\t\t<\/div>\n\t\t<div class=\"elementor-element elementor-element-4498292 e-con-full e-flex e-con e-child\" data-id=\"4498292\" data-element_type=\"container\">\n\t\t<div class=\"elementor-element elementor-element-bf2b181 e-con-full e-flex e-con e-child\" data-id=\"bf2b181\" data-element_type=\"container\" data-settings=\"{&quot;background_background&quot;:&quot;classic&quot;}\">\n\t\t\t\t<div class=\"elementor-element elementor-element-b2bc389 elementor-widget elementor-widget-heading\" data-id=\"b2bc389\" data-element_type=\"widget\" data-widget_type=\"heading.default\">\n\t\t\t\t\t<h2 class=\"elementor-heading-title elementor-size-default\">Visibilit\u00e9 de la recherche<\/h2>\t\t\t\t<\/div>\n\t\t\t\t<div class=\"elementor-element elementor-element-061b261 elementor-widget elementor-widget-text-editor\" data-id=\"061b261\" data-element_type=\"widget\" data-widget_type=\"text-editor.default\">\n\t\t\t\t\t\t\t\t\t<div class=\"card\"><ul><li>Fournir une biographie, les centres d\u2019int\u00e9r\u00eat et les publications s\u00e9lectionn\u00e9es pour le laboratoire<\/li><li>Contribuer du contenu aux canaux du laboratoire<\/li><li>Soumettre deux fois par an des mises \u00e0 jour sur les progr\u00e8s<\/li><\/ul><\/div><div class=\"card\">\u00a0<\/div>\t\t\t\t\t\t\t\t<\/div>\n\t\t\t\t<\/div>\n\t\t\t\t<\/div>\n\t\t<div class=\"elementor-element elementor-element-4e36a1f e-con-full e-flex e-con e-child\" data-id=\"4e36a1f\" data-element_type=\"container\">\n\t\t<div class=\"elementor-element elementor-element-e2142b5 e-con-full e-flex e-con e-child\" data-id=\"e2142b5\" data-element_type=\"container\" data-settings=\"{&quot;background_background&quot;:&quot;classic&quot;}\">\n\t\t\t\t<div class=\"elementor-element elementor-element-82c0165 elementor-widget elementor-widget-heading\" data-id=\"82c0165\" data-element_type=\"widget\" data-widget_type=\"heading.default\">\n\t\t\t\t\t<h2 class=\"elementor-heading-title elementor-size-default\">Conseil d\u2019experts\n<\/h2>\t\t\t\t<\/div>\n\t\t\t\t<div class=\"elementor-element elementor-element-f7b91d2 elementor-widget elementor-widget-text-editor\" data-id=\"f7b91d2\" data-element_type=\"widget\" data-widget_type=\"text-editor.default\">\n\t\t\t\t\t\t\t\t\t<div class=\"card\"><ul><li>Offrir des conseils occasionnels dans votre domaine d\u2019expertise<\/li><li>Fournir des contributions sur les initiatives, priorit\u00e9s et strat\u00e9gies<\/li><\/ul><\/div><div class=\"card\">\u00a0<\/div>\t\t\t\t\t\t\t\t<\/div>\n\t\t\t\t<\/div>\n\t\t\t\t<\/div>\n\t\t<div class=\"elementor-element elementor-element-4fd3747 e-con-full e-flex e-con e-child\" data-id=\"4fd3747\" data-element_type=\"container\">\n\t\t<div class=\"elementor-element elementor-element-18e5d14 e-con-full e-flex e-con e-child\" data-id=\"18e5d14\" data-element_type=\"container\" data-settings=\"{&quot;background_background&quot;:&quot;classic&quot;}\">\n\t\t\t\t<div class=\"elementor-element elementor-element-ecb0ff7 elementor-widget elementor-widget-heading\" data-id=\"ecb0ff7\" data-element_type=\"widget\" data-widget_type=\"heading.default\">\n\t\t\t\t\t<h2 class=\"elementor-heading-title elementor-size-default\">\u00c9change de recherche<\/h2>\t\t\t\t<\/div>\n\t\t\t\t<div class=\"elementor-element elementor-element-136c97c elementor-widget elementor-widget-text-editor\" data-id=\"136c97c\" data-element_type=\"widget\" data-widget_type=\"text-editor.default\">\n\t\t\t\t\t\t\t\t\t<div class=\"card\"><ul><li>Partager des recherches pertinentes via les canaux du laboratoire<\/li><li>Optionnel : pr\u00e9senter des travaux en cours lors de symposiums internes<\/li><li>Participer \u00e0 l\u2019\u00e9valuation par les pairs et aux discussions collaboratives<\/li><\/ul><\/div><div class=\"card\">\u00a0<\/div>\t\t\t\t\t\t\t\t<\/div>\n\t\t\t\t<\/div>\n\t\t\t\t<\/div>\n\t\t\t\t\t<\/div>\n\t\t\t\t<\/div>\n\t\t<div class=\"elementor-element elementor-element-6fbe1e9 e-flex e-con-boxed e-con e-parent\" data-id=\"6fbe1e9\" data-element_type=\"container\">\n\t\t\t\t\t<div class=\"e-con-inner\">\n\t\t<div class=\"elementor-element elementor-element-79b4e22 e-con-full e-flex e-con e-child\" data-id=\"79b4e22\" data-element_type=\"container\">\n\t\t<div class=\"elementor-element elementor-element-790116d e-con-full e-flex e-con e-child\" data-id=\"790116d\" data-element_type=\"container\" data-settings=\"{&quot;background_background&quot;:&quot;classic&quot;}\">\n\t\t\t\t<div class=\"elementor-element elementor-element-5b6f6cb elementor-widget elementor-widget-heading\" data-id=\"5b6f6cb\" data-element_type=\"widget\" data-widget_type=\"heading.default\">\n\t\t\t\t\t<h2 class=\"elementor-heading-title elementor-size-default\">Engagement public<\/h2>\t\t\t\t<\/div>\n\t\t\t\t<div class=\"elementor-element elementor-element-fbc4edb elementor-widget elementor-widget-text-editor\" data-id=\"fbc4edb\" data-element_type=\"widget\" data-widget_type=\"text-editor.default\">\n\t\t\t\t\t\t\t\t\t<section class=\"section\"><div class=\"container\"><div class=\"cards\"><div class=\"card\"><ul><li>Amplifier la recherche et la mission sur les plateformes professionnelles<\/li><li>Contribuer avec des articles de leadership \u00e9clair\u00e9 (environ deux fois par an)<\/li><li>Participer aux panels, webinaires et \u00e9v\u00e9nements du laboratoire selon le calendrier<\/li><\/ul><\/div><\/div><\/div><\/section><section class=\"section\"><div class=\"container\">\u00a0<\/div><\/section>\t\t\t\t\t\t\t\t<\/div>\n\t\t\t\t<\/div>\n\t\t\t\t<\/div>\n\t\t\t\t\t<\/div>\n\t\t\t\t<\/div>\n\t\t<div class=\"elementor-element elementor-element-ade3691 e-flex e-con-boxed e-con e-parent\" data-id=\"ade3691\" data-element_type=\"container\">\n\t\t\t\t\t<div class=\"e-con-inner\">\n\t\t\t\t<div class=\"elementor-element elementor-element-0463593 elementor-widget elementor-widget-heading\" data-id=\"0463593\" data-element_type=\"widget\" data-widget_type=\"heading.default\">\n\t\t\t\t\t<h2 class=\"elementor-heading-title elementor-size-default\">Consulting Opportunities<\/h2>\t\t\t\t<\/div>\n\t\t\t\t<div class=\"elementor-element elementor-element-97b9977 elementor-widget elementor-widget-text-editor\" data-id=\"97b9977\" data-element_type=\"widget\" data-widget_type=\"text-editor.default\">\n\t\t\t\t\t\t\t\t\t<section class=\"section\"><div class=\"container\"><p>Les boursiers peuvent agir en tant que consultants r\u00e9mun\u00e9r\u00e9s sur des projets du laboratoire correspondant \u00e0 leur expertise et participer \u00e0 l\u2019\u00e9laboration de propositions pour des travaux pertinents. La collaboration sur des recherches financ\u00e9es ou des missions de conseil est possible et d\u00e9pend des ressources disponibles pour des \u00e9tudes sp\u00e9cifiques.<\/p><\/div><\/section>\t\t\t\t\t\t\t\t<\/div>\n\t\t\t\t\t<\/div>\n\t\t\t\t<\/div>\n\t\t\t\t<\/div>","protected":false},"excerpt":{"rendered":"<p>About the Fellowship The Childhood and AI Lab Research Fellowship brings together innovative scholars investigating how AI affects children\u2019s cognition, learning, social relationships, mental health, creativity, identity, autonomy, and overall development and wellbeing. Program Overview The fellowship expands the number of researchers whose work advances our understanding of how AI shapes attention, learning, creativity, social [&hellip;]<\/p>","protected":false},"author":1,"featured_media":0,"parent":0,"menu_order":0,"comment_status":"closed","ping_status":"closed","template":"","meta":{"footnotes":""},"class_list":["post-953","page","type-page","status-publish","hentry"],"_links":{"self":[{"href":"https:\/\/childhoodandailab.org\/fr\/wp-json\/wp\/v2\/pages\/953","targetHints":{"allow":["GET"]}}],"collection":[{"href":"https:\/\/childhoodandailab.org\/fr\/wp-json\/wp\/v2\/pages"}],"about":[{"href":"https:\/\/childhoodandailab.org\/fr\/wp-json\/wp\/v2\/types\/page"}],"author":[{"embeddable":true,"href":"https:\/\/childhoodandailab.org\/fr\/wp-json\/wp\/v2\/users\/1"}],"replies":[{"embeddable":true,"href":"https:\/\/childhoodandailab.org\/fr\/wp-json\/wp\/v2\/comments?post=953"}],"version-history":[{"count":29,"href":"https:\/\/childhoodandailab.org\/fr\/wp-json\/wp\/v2\/pages\/953\/revisions"}],"predecessor-version":[{"id":1383,"href":"https:\/\/childhoodandailab.org\/fr\/wp-json\/wp\/v2\/pages\/953\/revisions\/1383"}],"wp:attachment":[{"href":"https:\/\/childhoodandailab.org\/fr\/wp-json\/wp\/v2\/media?parent=953"}],"curies":[{"name":"wp","href":"https:\/\/api.w.org\/{rel}","templated":true}]}}