{"id":963,"date":"2025-11-05T05:34:41","date_gmt":"2025-11-05T05:34:41","guid":{"rendered":"https:\/\/childhoodandailab.org\/?page_id=963"},"modified":"2026-02-09T09:17:55","modified_gmt":"2026-02-09T09:17:55","slug":"about-the-lab","status":"publish","type":"page","link":"https:\/\/childhoodandailab.org\/es\/about-the-lab\/","title":{"rendered":"Acerca del laboratorio"},"content":{"rendered":"<div data-elementor-type=\"wp-page\" data-elementor-id=\"963\" class=\"elementor elementor-963\" data-elementor-settings=\"{&quot;element_pack_global_tooltip_width&quot;:{&quot;unit&quot;:&quot;px&quot;,&quot;size&quot;:&quot;&quot;,&quot;sizes&quot;:[]},&quot;element_pack_global_tooltip_width_tablet&quot;:{&quot;unit&quot;:&quot;px&quot;,&quot;size&quot;:&quot;&quot;,&quot;sizes&quot;:[]},&quot;element_pack_global_tooltip_width_mobile&quot;:{&quot;unit&quot;:&quot;px&quot;,&quot;size&quot;:&quot;&quot;,&quot;sizes&quot;:[]},&quot;element_pack_global_tooltip_padding&quot;:{&quot;unit&quot;:&quot;px&quot;,&quot;top&quot;:&quot;&quot;,&quot;right&quot;:&quot;&quot;,&quot;bottom&quot;:&quot;&quot;,&quot;left&quot;:&quot;&quot;,&quot;isLinked&quot;:true},&quot;element_pack_global_tooltip_padding_tablet&quot;:{&quot;unit&quot;:&quot;px&quot;,&quot;top&quot;:&quot;&quot;,&quot;right&quot;:&quot;&quot;,&quot;bottom&quot;:&quot;&quot;,&quot;left&quot;:&quot;&quot;,&quot;isLinked&quot;:true},&quot;element_pack_global_tooltip_padding_mobile&quot;:{&quot;unit&quot;:&quot;px&quot;,&quot;top&quot;:&quot;&quot;,&quot;right&quot;:&quot;&quot;,&quot;bottom&quot;:&quot;&quot;,&quot;left&quot;:&quot;&quot;,&quot;isLinked&quot;:true},&quot;element_pack_global_tooltip_border_radius&quot;:{&quot;unit&quot;:&quot;px&quot;,&quot;top&quot;:&quot;&quot;,&quot;right&quot;:&quot;&quot;,&quot;bottom&quot;:&quot;&quot;,&quot;left&quot;:&quot;&quot;,&quot;isLinked&quot;:true},&quot;element_pack_global_tooltip_border_radius_tablet&quot;:{&quot;unit&quot;:&quot;px&quot;,&quot;top&quot;:&quot;&quot;,&quot;right&quot;:&quot;&quot;,&quot;bottom&quot;:&quot;&quot;,&quot;left&quot;:&quot;&quot;,&quot;isLinked&quot;:true},&quot;element_pack_global_tooltip_border_radius_mobile&quot;:{&quot;unit&quot;:&quot;px&quot;,&quot;top&quot;:&quot;&quot;,&quot;right&quot;:&quot;&quot;,&quot;bottom&quot;:&quot;&quot;,&quot;left&quot;:&quot;&quot;,&quot;isLinked&quot;:true}}\" data-elementor-post-type=\"page\">\n\t\t\t\t<div class=\"elementor-element elementor-element-e8996d2 e-flex e-con-boxed e-con e-parent\" data-id=\"e8996d2\" data-element_type=\"container\" data-settings=\"{&quot;background_background&quot;:&quot;classic&quot;}\">\n\t\t\t\t\t<div class=\"e-con-inner\">\n\t\t\t\t<div class=\"elementor-element elementor-element-3b84078 elementor-widget elementor-widget-heading\" data-id=\"3b84078\" data-element_type=\"widget\" data-widget_type=\"heading.default\">\n\t\t\t\t\t<h2 class=\"elementor-heading-title elementor-size-default\">Acerca del laboratorio<\/h2>\t\t\t\t<\/div>\n\t\t\t\t<div class=\"elementor-element elementor-element-c583fcd elementor-widget elementor-widget-text-editor\" data-id=\"c583fcd\" data-element_type=\"widget\" data-widget_type=\"text-editor.default\">\n\t\t\t\t\t\t\t\t\t<p>The Childhood and AI Lab is a global research and action center \u2014 and a project of <a href=\"http:\/\/AIChildSafety.org\">AIChildSafety.org<\/a> \u2014 working to ensure AI strengthens, rather than weakens, childhood attention, curiosity, creativity, critical thinking, and social skills.<\/p>\t\t\t\t\t\t\t\t<\/div>\n\t\t\t\t\t<\/div>\n\t\t\t\t<\/div>\n\t\t<div class=\"elementor-element elementor-element-3d9433a e-flex e-con-boxed e-con e-parent\" data-id=\"3d9433a\" data-element_type=\"container\">\n\t\t\t\t\t<div class=\"e-con-inner\">\n\t\t<div class=\"elementor-element elementor-element-73d772f e-con-full e-flex e-con e-child\" data-id=\"73d772f\" data-element_type=\"container\">\n\t\t\t\t<div class=\"elementor-element elementor-element-9be595c elementor-widget elementor-widget-heading\" data-id=\"9be595c\" data-element_type=\"widget\" data-widget_type=\"heading.default\">\n\t\t\t\t\t<h2 class=\"elementor-heading-title elementor-size-default\">Why Now ?<\/h2>\t\t\t\t<\/div>\n\t\t\t\t<div class=\"elementor-element elementor-element-5427b00 elementor-widget elementor-widget-text-editor\" data-id=\"5427b00\" data-element_type=\"widget\" data-widget_type=\"text-editor.default\">\n\t\t\t\t\t\t\t\t\t<p>In an era where artificial intelligence is rapidly reshaping every aspect of human life, children stand at a unique crossroads. From smart toys and educational platforms to conversational AI companions, today\u2019s children are the first generation growing up fully immersed in AI. This technological immersion is already transforming how children think, learn, create, and relate \u2013 yet society is proceeding without adequate evidence, standards, or safeguards.<\/p>\t\t\t\t\t\t\t\t<\/div>\n\t\t\t\t<div class=\"elementor-element elementor-element-066e4e5 elementor-widget-divider--view-line elementor-widget elementor-widget-divider\" data-id=\"066e4e5\" data-element_type=\"widget\" data-widget_type=\"divider.default\">\n\t\t\t\t\t\t\t<div class=\"elementor-divider\">\n\t\t\t<span class=\"elementor-divider-separator\">\n\t\t\t\t\t\t<\/span>\n\t\t<\/div>\n\t\t\t\t\t\t<\/div>\n\t\t\t\t<div class=\"elementor-element elementor-element-872c6b4 elementor-widget elementor-widget-heading\" data-id=\"872c6b4\" data-element_type=\"widget\" data-widget_type=\"heading.default\">\n\t\t\t\t\t<h2 class=\"elementor-heading-title elementor-size-default\">Nuestra modelo\n<\/h2>\t\t\t\t<\/div>\n\t\t\t\t<div class=\"elementor-element elementor-element-92b0dbb elementor-widget elementor-widget-text-editor\" data-id=\"92b0dbb\" data-element_type=\"widget\" data-widget_type=\"text-editor.default\">\n\t\t\t\t\t\t\t\t\t<header class=\"section\"><div class=\"container\"><p><a href=\"https:\/\/aichildsafety.org\/\"><strong>AIChildSafety.org<\/strong><\/a> was founded to address this critical gap by conducting research into the effects of AI on children and youth and helping NGOs, tech companies, and governments navigate AI risks to ensure every child can learn, thrive, and participate safely in an AI-powered world. One of the ways we do this is through our <strong>Childhood and AI Research Fellowship<\/strong>, which gathers a wide spectrum of researchers committed to understanding and addressing the effects of AI on children.<\/p><\/div><\/header>\t\t\t\t\t\t\t\t<\/div>\n\t\t\t\t<\/div>\n\t\t<div class=\"elementor-element elementor-element-bc24fa6 e-con-full e-flex e-con e-child\" data-id=\"bc24fa6\" data-element_type=\"container\">\n\t\t<div class=\"elementor-element elementor-element-72ad3ef e-con-full e-flex e-con e-child\" data-id=\"72ad3ef\" data-element_type=\"container\" data-settings=\"{&quot;background_background&quot;:&quot;classic&quot;}\">\n\t\t\t\t<div class=\"elementor-element elementor-element-14f35e9 elementor-widget elementor-widget-heading\" data-id=\"14f35e9\" data-element_type=\"widget\" data-widget_type=\"heading.default\">\n\t\t\t\t\t<h2 class=\"elementor-heading-title elementor-size-default\">Primer programa: Beca de investigaci\u00f3n<\/h2>\t\t\t\t<\/div>\n\t\t\t\t<div class=\"elementor-element elementor-element-45aec44 elementor-widget elementor-widget-text-editor\" data-id=\"45aec44\" data-element_type=\"widget\" data-widget_type=\"text-editor.default\">\n\t\t\t\t\t\t\t\t\t<p>The Lab launched with the\u00a0<strong>Beca de investigaci\u00f3n<\/strong> \u2013 a crossdisciplinary community advancing evidence on AI\u2019s effects on childhood and translating insights into practice.<\/p>\t\t\t\t\t\t\t\t<\/div>\n\t\t\t\t<div class=\"elementor-element elementor-element-525b9b0 elementor-align-left elementor-widget elementor-widget-button\" data-id=\"525b9b0\" data-element_type=\"widget\" data-widget_type=\"button.default\">\n\t\t\t\t\t\t\t\t\t\t<a class=\"elementor-button elementor-button-link elementor-size-sm\" href=\"\/es\/about-the-fellowship\/\">\n\t\t\t\t\t\t<span class=\"elementor-button-content-wrapper\">\n\t\t\t\t\t\t\t\t\t<span class=\"elementor-button-text\">Explora la beca<\/span>\n\t\t\t\t\t<\/span>\n\t\t\t\t\t<\/a>\n\t\t\t\t\t\t\t\t<\/div>\n\t\t\t\t<\/div>\n\t\t<div class=\"elementor-element elementor-element-e6aa942 e-con-full e-flex e-con e-child\" data-id=\"e6aa942\" data-element_type=\"container\" data-settings=\"{&quot;background_background&quot;:&quot;classic&quot;}\">\n\t\t\t\t<div class=\"elementor-element elementor-element-d11956e elementor-widget elementor-widget-heading\" data-id=\"d11956e\" data-element_type=\"widget\" data-widget_type=\"heading.default\">\n\t\t\t\t\t<h2 class=\"elementor-heading-title elementor-size-default\">\u00bfQu\u00e9 sigue?<\/h2>\t\t\t\t<\/div>\n\t\t\t\t<div class=\"elementor-element elementor-element-a01d17d elementor-widget elementor-widget-text-editor\" data-id=\"a01d17d\" data-element_type=\"widget\" data-widget_type=\"text-editor.default\">\n\t\t\t\t\t\t\t\t\t<section class=\"section\"><div class=\"container grid-2\"><aside><div class=\"card\"><ul><li>Webinarios y seminarios abiertos centrados en lo que dice la evidencia actual sobre los efectos de la IA en los ni\u00f1os.<\/li><li>Investigaci\u00f3n original y cohortes longitudinales<\/li><li>Equipos rojos y evaluaciones de seguridad del desarrollo<\/li><li>Est\u00e1ndares y marcos de riesgo alineados con la regulaci\u00f3n<\/li><li>Programas de codise\u00f1o de productos y alfabetizaci\u00f3n en IA<\/li><li>Practical research to help governmental technology regulators and technology platforms protect children\u201d Make that the third bullet point<\/li><\/ul><\/div><\/aside><\/div><\/section><section class=\"section\"><div class=\"container\">\u00a0<\/div><\/section>\t\t\t\t\t\t\t\t<\/div>\n\t\t\t\t<\/div>\n\t\t\t\t<\/div>\n\t\t\t\t\t<\/div>\n\t\t\t\t<\/div>\n\t\t<div class=\"elementor-element elementor-element-2924bd6 e-flex e-con-boxed e-con e-parent\" data-id=\"2924bd6\" data-element_type=\"container\">\n\t\t\t\t\t<div class=\"e-con-inner\">\n\t\t\t\t<div class=\"elementor-element elementor-element-701ba07 elementor-widget elementor-widget-heading\" data-id=\"701ba07\" data-element_type=\"widget\" data-widget_type=\"heading.default\">\n\t\t\t\t\t<h2 class=\"elementor-heading-title elementor-size-default\">Actividades principales<\/h2>\t\t\t\t<\/div>\n\t\t\t\t\t<\/div>\n\t\t\t\t<\/div>\n\t\t<div class=\"elementor-element elementor-element-f382847 e-flex e-con-boxed e-con e-parent\" data-id=\"f382847\" data-element_type=\"container\">\n\t\t\t\t\t<div class=\"e-con-inner\">\n\t\t<div class=\"elementor-element elementor-element-33fd0fb e-con-full e-flex e-con e-child\" data-id=\"33fd0fb\" data-element_type=\"container\">\n\t\t<div class=\"elementor-element elementor-element-24d98f1 e-con-full e-flex e-con e-child\" data-id=\"24d98f1\" data-element_type=\"container\" data-settings=\"{&quot;background_background&quot;:&quot;classic&quot;}\">\n\t\t\t\t<div class=\"elementor-element elementor-element-2180262 elementor-widget elementor-widget-heading\" data-id=\"2180262\" data-element_type=\"widget\" data-widget_type=\"heading.default\">\n\t\t\t\t\t<h2 class=\"elementor-heading-title elementor-size-default\">Investigaci\u00f3n original\n<\/h2>\t\t\t\t<\/div>\n\t\t\t\t<div class=\"elementor-element elementor-element-cdb53b9 elementor-widget elementor-widget-text-editor\" data-id=\"cdb53b9\" data-element_type=\"widget\" data-widget_type=\"text-editor.default\">\n\t\t\t\t\t\t\t\t\t<p>Realizaremos estudios coordinados desde el laboratorio hasta el aula y el hogar para comprender los efectos sobre la atenci\u00f3n, la memoria, la funci\u00f3n ejecutiva, la creatividad y el desarrollo social; los hallazgos servir\u00e1n de base para constructores, reguladores y escuelas.<\/p>\t\t\t\t\t\t\t\t<\/div>\n\t\t\t\t<\/div>\n\t\t\t\t<\/div>\n\t\t<div class=\"elementor-element elementor-element-19a369e e-con-full e-flex e-con e-child\" data-id=\"19a369e\" data-element_type=\"container\">\n\t\t<div class=\"elementor-element elementor-element-685a823 e-con-full e-flex e-con e-child\" data-id=\"685a823\" data-element_type=\"container\" data-settings=\"{&quot;background_background&quot;:&quot;classic&quot;}\">\n\t\t\t\t<div class=\"elementor-element elementor-element-898ecff elementor-widget elementor-widget-heading\" data-id=\"898ecff\" data-element_type=\"widget\" data-widget_type=\"heading.default\">\n\t\t\t\t\t<h2 class=\"elementor-heading-title elementor-size-default\">Ingenier\u00eda de seguridad<\/h2>\t\t\t\t<\/div>\n\t\t\t\t<div class=\"elementor-element elementor-element-f831283 elementor-widget elementor-widget-text-editor\" data-id=\"f831283\" data-element_type=\"widget\" data-widget_type=\"text-editor.default\">\n\t\t\t\t\t\t\t\t\t<div class=\"card\"><p>Investigaremos los sistemas de inteligencia artificial en busca de riesgos de desarrollo y publicaremos nuestras evaluaciones y mitigaciones propuestas para acelerar la elecci\u00f3n de productos m\u00e1s seguros.<\/p><\/div>\t\t\t\t\t\t\t\t<\/div>\n\t\t\t\t<\/div>\n\t\t\t\t<\/div>\n\t\t<div class=\"elementor-element elementor-element-d530b20 e-con-full e-flex e-con e-child\" data-id=\"d530b20\" data-element_type=\"container\">\n\t\t<div class=\"elementor-element elementor-element-b019987 e-con-full e-flex e-con e-child\" data-id=\"b019987\" data-element_type=\"container\" data-settings=\"{&quot;background_background&quot;:&quot;classic&quot;}\">\n\t\t\t\t<div class=\"elementor-element elementor-element-0295f8c elementor-widget elementor-widget-heading\" data-id=\"0295f8c\" data-element_type=\"widget\" data-widget_type=\"heading.default\">\n\t\t\t\t\t<h2 class=\"elementor-heading-title elementor-size-default\">Est\u00e1ndares y riesgos\n<\/h2>\t\t\t\t<\/div>\n\t\t\t\t<div class=\"elementor-element elementor-element-4ae847f elementor-widget elementor-widget-text-editor\" data-id=\"4ae847f\" data-element_type=\"widget\" data-widget_type=\"text-editor.default\">\n\t\t\t\t\t\t\t\t\t<div class=\"card\"><p>Colaboraremos con otras entidades para promover un Est\u00e1ndar de seguridad para el desarrollo infantil que defina clases de riesgo de desarrollo, umbrales de evidencia y niveles de asistencia apropiados para la edad.<\/p><\/div><div class=\"card\">\u00a0<\/div>\t\t\t\t\t\t\t\t<\/div>\n\t\t\t\t<\/div>\n\t\t\t\t<\/div>\n\t\t<div class=\"elementor-element elementor-element-c211c55 e-con-full e-flex e-con e-child\" data-id=\"c211c55\" data-element_type=\"container\">\n\t\t<div class=\"elementor-element elementor-element-cc6b5f1 e-con-full e-flex e-con e-child\" data-id=\"cc6b5f1\" data-element_type=\"container\" data-settings=\"{&quot;background_background&quot;:&quot;classic&quot;}\">\n\t\t\t\t<div class=\"elementor-element elementor-element-77d22cf elementor-widget elementor-widget-heading\" data-id=\"77d22cf\" data-element_type=\"widget\" data-widget_type=\"heading.default\">\n\t\t\t\t\t<h2 class=\"elementor-heading-title elementor-size-default\">Co\u2011Dise\u00f1o y Alfabetizaci\u00f3n\n<\/h2>\t\t\t\t<\/div>\n\t\t\t\t<div class=\"elementor-element elementor-element-af0f2e2 elementor-widget elementor-widget-text-editor\" data-id=\"af0f2e2\" data-element_type=\"widget\" data-widget_type=\"text-editor.default\">\n\t\t\t\t\t\t\t\t\t<section class=\"section\"><div class=\"container\"><div class=\"cards\"><div class=\"card\"><p>Cocrearemos patrones de productos m\u00e1s seguros con j\u00f3venes, padres y maestros y ofreceremos programas pr\u00e1cticos de alfabetizaci\u00f3n en IA y pol\u00edticas de uso para familias y escuelas.<\/p><\/div><\/div><\/div><\/section>\t\t\t\t\t\t\t\t<\/div>\n\t\t\t\t<\/div>\n\t\t\t\t<\/div>\n\t\t\t\t\t<\/div>\n\t\t\t\t<\/div>\n\t\t<div class=\"elementor-element elementor-element-e30b043 e-flex e-con-boxed e-con e-parent\" data-id=\"e30b043\" data-element_type=\"container\">\n\t\t\t\t\t<div class=\"e-con-inner\">\n\t\t<div class=\"elementor-element elementor-element-34b4e03 e-con-full e-flex e-con e-child\" data-id=\"34b4e03\" data-element_type=\"container\">\n\t\t\t\t<div class=\"elementor-element elementor-element-c98b0c3 elementor-widget elementor-widget-heading\" data-id=\"c98b0c3\" data-element_type=\"widget\" data-widget_type=\"heading.default\">\n\t\t\t\t\t<h2 class=\"elementor-heading-title elementor-size-default\">Medici\u00f3n del impacto<\/h2>\t\t\t\t<\/div>\n\t\t\t\t<div class=\"elementor-element elementor-element-92d726d elementor-widget elementor-widget-text-editor\" data-id=\"92d726d\" data-element_type=\"widget\" data-widget_type=\"text-editor.default\">\n\t\t\t\t\t\t\t\t\t<div><p>Nuestro enfoque consiste en medir lo que importa: la estabilidad de la atenci\u00f3n, la funci\u00f3n ejecutiva, el pensamiento cr\u00edtico, la expresi\u00f3n creativa, la salud socioemocional y los patrones de productos y las decisiones de seguridad que influyen en ellos. Los resultados se publicar\u00e1n en un Evidence Commons abierto para el bien p\u00fablico.<\/p><\/div>\t\t\t\t\t\t\t\t<\/div>\n\t\t\t\t<\/div>\n\t\t<div class=\"elementor-element elementor-element-e4758d2 e-con-full e-flex e-con e-child\" data-id=\"e4758d2\" data-element_type=\"container\">\n\t\t<div class=\"elementor-element elementor-element-f90c113 e-con-full e-flex e-con e-child\" data-id=\"f90c113\" data-element_type=\"container\" data-settings=\"{&quot;background_background&quot;:&quot;classic&quot;}\">\n\t\t\t\t<div class=\"elementor-element elementor-element-3f9f525 elementor-widget elementor-widget-heading\" data-id=\"3f9f525\" data-element_type=\"widget\" data-widget_type=\"heading.default\">\n\t\t\t\t\t<h2 class=\"elementor-heading-title elementor-size-default\">Gobernanza y salvaguardia<\/h2>\t\t\t\t<\/div>\n\t\t\t\t<div class=\"elementor-element elementor-element-9f7a16b elementor-widget elementor-widget-text-editor\" data-id=\"9f7a16b\" data-element_type=\"widget\" data-widget_type=\"text-editor.default\">\n\t\t\t\t\t\t\t\t\t<section class=\"section\"><div class=\"container grid-2\"><aside><div class=\"card\"><p>Operaremos con protocolos s\u00f3lidos de protecci\u00f3n infantil, mecanismos para que los j\u00f3venes participen en la toma de decisiones, un sistema para solicitar aprobaciones del IRB y estrictas protecciones de privacidad y minimizaci\u00f3n de datos.<\/p><\/div><\/aside><\/div><\/section>\t\t\t\t\t\t\t\t<\/div>\n\t\t\t\t<\/div>\n\t\t\t\t<\/div>\n\t\t\t\t\t<\/div>\n\t\t\t\t<\/div>\n\t\t<div class=\"elementor-element elementor-element-3c548a7 e-flex e-con-boxed e-con e-parent\" data-id=\"3c548a7\" data-element_type=\"container\">\n\t\t\t\t\t<div class=\"e-con-inner\">\n\t\t\t\t<div class=\"elementor-element elementor-element-c236801 elementor-widget elementor-widget-heading\" data-id=\"c236801\" data-element_type=\"widget\" data-widget_type=\"heading.default\">\n\t\t\t\t\t<h2 class=\"elementor-heading-title elementor-size-default\">As\u00f3ciese con el laboratorio\n<\/h2>\t\t\t\t<\/div>\n\t\t\t\t<div class=\"elementor-element elementor-element-f945edb elementor-widget elementor-widget-text-editor\" data-id=\"f945edb\" data-element_type=\"widget\" data-widget_type=\"text-editor.default\">\n\t\t\t\t\t\t\t\t\t<p>Colaboramos con ONG, escuelas, gobiernos y empresas de tecnolog\u00eda para traducir la evidencia en una IA m\u00e1s segura y eficaz para los ni\u00f1os.<\/p>\t\t\t\t\t\t\t\t<\/div>\n\t\t\t\t\t<\/div>\n\t\t\t\t<\/div>\n\t\t<div class=\"elementor-element elementor-element-0764876 e-flex e-con-boxed e-con e-parent\" data-id=\"0764876\" data-element_type=\"container\">\n\t\t\t\t\t<div class=\"e-con-inner\">\n\t\t\t\t<div class=\"elementor-element elementor-element-e1c46ed elementor-button-align-start elementor-widget elementor-widget-form\" data-id=\"e1c46ed\" data-element_type=\"widget\" data-settings=\"{&quot;step_next_label&quot;:&quot;Next&quot;,&quot;step_previous_label&quot;:&quot;Previous&quot;,&quot;button_width&quot;:&quot;100&quot;,&quot;step_type&quot;:&quot;number_text&quot;,&quot;step_icon_shape&quot;:&quot;circle&quot;}\" data-widget_type=\"form.default\">\n\t\t\t\t\t\t\t<form class=\"elementor-form\" method=\"post\" name=\"New Form\" aria-label=\"Nuevo formulario\" action=\"\">\n\t\t\t<input type=\"hidden\" name=\"post_id\" value=\"963\"\/>\n\t\t\t<input type=\"hidden\" name=\"form_id\" value=\"e1c46ed\"\/>\n\t\t\t<input type=\"hidden\" name=\"referer_title\" value=\"About the Lab\" \/>\n\n\t\t\t\t\t\t\t<input type=\"hidden\" name=\"queried_id\" value=\"963\"\/>\n\t\t\t\n\t\t\t<div class=\"elementor-form-fields-wrapper elementor-labels-above\">\n\t\t\t\t\t\t\t\t<div class=\"elementor-field-type-text elementor-field-group elementor-column elementor-field-group-name elementor-col-100\">\n\t\t\t\t\t\t\t\t\t\t\t\t<label for=\"form-field-name\" class=\"elementor-field-label\">\n\t\t\t\t\t\t\t\tNombre\t\t\t\t\t\t\t<\/label>\n\t\t\t\t\t\t\t\t\t\t\t\t\t\t<input size=\"1\" type=\"text\" name=\"form_fields[name]\" id=\"form-field-name\" class=\"elementor-field elementor-size-sm  elementor-field-textual\" placeholder=\"Nombre\">\n\t\t\t\t\t\t\t\t\t\t\t<\/div>\n\t\t\t\t\t\t\t\t<div class=\"elementor-field-type-email elementor-field-group elementor-column elementor-field-group-email elementor-col-100 elementor-field-required\">\n\t\t\t\t\t\t\t\t\t\t\t\t<label for=\"form-field-email\" class=\"elementor-field-label\">\n\t\t\t\t\t\t\t\tCorreo electr\u00f3nico\t\t\t\t\t\t\t<\/label>\n\t\t\t\t\t\t\t\t\t\t\t\t\t\t<input size=\"1\" type=\"email\" name=\"form_fields[email]\" id=\"form-field-email\" class=\"elementor-field elementor-size-sm  elementor-field-textual\" placeholder=\"Correo electr\u00f3nico\" required=\"required\">\n\t\t\t\t\t\t\t\t\t\t\t<\/div>\n\t\t\t\t\t\t\t\t<div class=\"elementor-field-type-textarea elementor-field-group elementor-column elementor-field-group-message elementor-col-100\">\n\t\t\t\t\t\t\t\t\t\t\t\t<label for=\"form-field-message\" class=\"elementor-field-label\">\n\t\t\t\t\t\t\t\tMensaje\t\t\t\t\t\t\t<\/label>\n\t\t\t\t\t\t<textarea class=\"elementor-field-textual elementor-field  elementor-size-sm\" name=\"form_fields[message]\" id=\"form-field-message\" rows=\"4\" placeholder=\"Mensaje\"><\/textarea>\t\t\t\t<\/div>\n\t\t\t\t\t\t\t\t<div class=\"elementor-field-group elementor-column elementor-field-type-submit elementor-col-100 e-form__buttons\">\n\t\t\t\t\t<button class=\"elementor-button elementor-size-sm\" type=\"submit\">\n\t\t\t\t\t\t<span class=\"elementor-button-content-wrapper\">\n\t\t\t\t\t\t\t\t\t\t\t\t\t\t\t\t\t\t\t\t\t\t<span class=\"elementor-button-text\">Enviar<\/span>\n\t\t\t\t\t\t\t\t\t\t\t\t\t<\/span>\n\t\t\t\t\t<\/button>\n\t\t\t\t<\/div>\n\t\t\t<\/div>\n\t\t<input type=\"hidden\" name=\"trp-form-language\" value=\"es\"\/><\/form>\n\t\t\t\t\t\t<\/div>\n\t\t\t\t\t<\/div>\n\t\t\t\t<\/div>\n\t\t\t\t<\/div>","protected":false},"excerpt":{"rendered":"<p>About the Lab The Childhood and AI Lab is a global research and action center \u2014 and a project of AIChildSafety.org \u2014 working to ensure AI strengthens, rather than weakens, childhood attention, curiosity, creativity, critical thinking, and social skills. Why Now ? In an era where artificial intelligence is rapidly reshaping every aspect of human [&hellip;]<\/p>","protected":false},"author":1,"featured_media":0,"parent":0,"menu_order":0,"comment_status":"closed","ping_status":"closed","template":"","meta":{"footnotes":""},"class_list":["post-963","page","type-page","status-publish","hentry"],"_links":{"self":[{"href":"https:\/\/childhoodandailab.org\/es\/wp-json\/wp\/v2\/pages\/963","targetHints":{"allow":["GET"]}}],"collection":[{"href":"https:\/\/childhoodandailab.org\/es\/wp-json\/wp\/v2\/pages"}],"about":[{"href":"https:\/\/childhoodandailab.org\/es\/wp-json\/wp\/v2\/types\/page"}],"author":[{"embeddable":true,"href":"https:\/\/childhoodandailab.org\/es\/wp-json\/wp\/v2\/users\/1"}],"replies":[{"embeddable":true,"href":"https:\/\/childhoodandailab.org\/es\/wp-json\/wp\/v2\/comments?post=963"}],"version-history":[{"count":34,"href":"https:\/\/childhoodandailab.org\/es\/wp-json\/wp\/v2\/pages\/963\/revisions"}],"predecessor-version":[{"id":1379,"href":"https:\/\/childhoodandailab.org\/es\/wp-json\/wp\/v2\/pages\/963\/revisions\/1379"}],"wp:attachment":[{"href":"https:\/\/childhoodandailab.org\/es\/wp-json\/wp\/v2\/media?parent=963"}],"curies":[{"name":"wp","href":"https:\/\/api.w.org\/{rel}","templated":true}]}}