{"id":953,"date":"2025-11-05T04:59:14","date_gmt":"2025-11-05T04:59:14","guid":{"rendered":"https:\/\/childhoodandailab.org\/?page_id=953"},"modified":"2026-02-09T09:25:24","modified_gmt":"2026-02-09T09:25:24","slug":"about-the-fellowship","status":"publish","type":"page","link":"https:\/\/childhoodandailab.org\/es\/about-the-fellowship\/","title":{"rendered":"Acerca de la beca"},"content":{"rendered":"<div data-elementor-type=\"wp-page\" data-elementor-id=\"953\" class=\"elementor elementor-953\" data-elementor-settings=\"{&quot;element_pack_global_tooltip_width&quot;:{&quot;unit&quot;:&quot;px&quot;,&quot;size&quot;:&quot;&quot;,&quot;sizes&quot;:[]},&quot;element_pack_global_tooltip_width_tablet&quot;:{&quot;unit&quot;:&quot;px&quot;,&quot;size&quot;:&quot;&quot;,&quot;sizes&quot;:[]},&quot;element_pack_global_tooltip_width_mobile&quot;:{&quot;unit&quot;:&quot;px&quot;,&quot;size&quot;:&quot;&quot;,&quot;sizes&quot;:[]},&quot;element_pack_global_tooltip_padding&quot;:{&quot;unit&quot;:&quot;px&quot;,&quot;top&quot;:&quot;&quot;,&quot;right&quot;:&quot;&quot;,&quot;bottom&quot;:&quot;&quot;,&quot;left&quot;:&quot;&quot;,&quot;isLinked&quot;:true},&quot;element_pack_global_tooltip_padding_tablet&quot;:{&quot;unit&quot;:&quot;px&quot;,&quot;top&quot;:&quot;&quot;,&quot;right&quot;:&quot;&quot;,&quot;bottom&quot;:&quot;&quot;,&quot;left&quot;:&quot;&quot;,&quot;isLinked&quot;:true},&quot;element_pack_global_tooltip_padding_mobile&quot;:{&quot;unit&quot;:&quot;px&quot;,&quot;top&quot;:&quot;&quot;,&quot;right&quot;:&quot;&quot;,&quot;bottom&quot;:&quot;&quot;,&quot;left&quot;:&quot;&quot;,&quot;isLinked&quot;:true},&quot;element_pack_global_tooltip_border_radius&quot;:{&quot;unit&quot;:&quot;px&quot;,&quot;top&quot;:&quot;&quot;,&quot;right&quot;:&quot;&quot;,&quot;bottom&quot;:&quot;&quot;,&quot;left&quot;:&quot;&quot;,&quot;isLinked&quot;:true},&quot;element_pack_global_tooltip_border_radius_tablet&quot;:{&quot;unit&quot;:&quot;px&quot;,&quot;top&quot;:&quot;&quot;,&quot;right&quot;:&quot;&quot;,&quot;bottom&quot;:&quot;&quot;,&quot;left&quot;:&quot;&quot;,&quot;isLinked&quot;:true},&quot;element_pack_global_tooltip_border_radius_mobile&quot;:{&quot;unit&quot;:&quot;px&quot;,&quot;top&quot;:&quot;&quot;,&quot;right&quot;:&quot;&quot;,&quot;bottom&quot;:&quot;&quot;,&quot;left&quot;:&quot;&quot;,&quot;isLinked&quot;:true}}\" data-elementor-post-type=\"page\">\n\t\t\t\t<div class=\"elementor-element elementor-element-3c2cd12 e-flex e-con-boxed e-con e-parent\" data-id=\"3c2cd12\" data-element_type=\"container\" data-settings=\"{&quot;background_background&quot;:&quot;classic&quot;}\">\n\t\t\t\t\t<div class=\"e-con-inner\">\n\t\t\t\t<div class=\"elementor-element elementor-element-cf9307c elementor-widget elementor-widget-heading\" data-id=\"cf9307c\" data-element_type=\"widget\" data-widget_type=\"heading.default\">\n\t\t\t\t\t<h2 class=\"elementor-heading-title elementor-size-default\">Acerca de la beca<\/h2>\t\t\t\t<\/div>\n\t\t\t\t<div class=\"elementor-element elementor-element-ffbff41 elementor-widget elementor-widget-text-editor\" data-id=\"ffbff41\" data-element_type=\"widget\" data-widget_type=\"text-editor.default\">\n\t\t\t\t\t\t\t\t\t<p>The Childhood and AI Lab Research Fellowship brings together innovative scholars investigating how AI affects children\u2019s cognition, learning, social relationships, mental health, creativity, identity, autonomy, and overall development and wellbeing.<\/p>\t\t\t\t\t\t\t\t<\/div>\n\t\t\t\t\t<\/div>\n\t\t\t\t<\/div>\n\t\t<div class=\"elementor-element elementor-element-3d9433a e-flex e-con-boxed e-con e-parent\" data-id=\"3d9433a\" data-element_type=\"container\">\n\t\t\t\t\t<div class=\"e-con-inner\">\n\t\t<div class=\"elementor-element elementor-element-73d772f e-con-full e-flex e-con e-child\" data-id=\"73d772f\" data-element_type=\"container\">\n\t\t\t\t<div class=\"elementor-element elementor-element-9be595c elementor-widget elementor-widget-heading\" data-id=\"9be595c\" data-element_type=\"widget\" data-widget_type=\"heading.default\">\n\t\t\t\t\t<h2 class=\"elementor-heading-title elementor-size-default\">Descripci\u00f3n del programa<\/h2>\t\t\t\t<\/div>\n\t\t\t\t<div class=\"elementor-element elementor-element-5427b00 elementor-widget elementor-widget-text-editor\" data-id=\"5427b00\" data-element_type=\"widget\" data-widget_type=\"text-editor.default\">\n\t\t\t\t\t\t\t\t\t<header class=\"section\"><div class=\"container\"><p class=\"lead\">La beca ampl\u00eda el n\u00famero de investigadores cuyo trabajo mejora nuestra comprensi\u00f3n de c\u00f3mo la inteligencia artificial influye en la atenci\u00f3n, el aprendizaje, la creatividad, el desarrollo social y la toma de decisiones en ni\u00f1os y adolescentes. Los becarios conectan la ciencia del desarrollo y la tecnolog\u00eda para traducir los hallazgos en orientaciones pr\u00e1cticas para familias, educadores, responsables de pol\u00edticas y tecn\u00f3logos. La comunidad es intencionalmente interdisciplinaria: los cient\u00edficos cognitivos aprenden de los inform\u00e1ticos; los etn\u00f3grafos orientan a los neurocient\u00edficos; los investigadores en educaci\u00f3n colaboran con los \u00e9ticos, de modo que las ideas evolucionan m\u00e1s r\u00e1pido y llegan m\u00e1s lejos.<\/p><\/div><\/header>\t\t\t\t\t\t\t\t<\/div>\n\t\t\t\t<div class=\"elementor-element elementor-element-066e4e5 elementor-widget-divider--view-line elementor-widget elementor-widget-divider\" data-id=\"066e4e5\" data-element_type=\"widget\" data-widget_type=\"divider.default\">\n\t\t\t\t\t\t\t<div class=\"elementor-divider\">\n\t\t\t<span class=\"elementor-divider-separator\">\n\t\t\t\t\t\t<\/span>\n\t\t<\/div>\n\t\t\t\t\t\t<\/div>\n\t\t\t\t<div class=\"elementor-element elementor-element-872c6b4 elementor-widget elementor-widget-heading\" data-id=\"872c6b4\" data-element_type=\"widget\" data-widget_type=\"heading.default\">\n\t\t\t\t\t<h2 class=\"elementor-heading-title elementor-size-default\">Our Fellows Come from Diverse Backgrounds and Fields of Study<\/h2>\t\t\t\t<\/div>\n\t\t\t\t<div class=\"elementor-element elementor-element-92b0dbb elementor-widget elementor-widget-text-editor\" data-id=\"92b0dbb\" data-element_type=\"widget\" data-widget_type=\"text-editor.default\">\n\t\t\t\t\t\t\t\t\t<header class=\"section\"><div class=\"container\"><ul><li><strong>Investigadoras en etapa temprana<\/strong>\u00a0Estudiar los efectos de la IA en los ni\u00f1os.<\/li><li><strong>Investigadoras experimentadas<\/strong>\u00a0bringing deep cross-disciplinary expertise from psychology, education, computer science, neuroscience, public health, ethics, and related fields.<\/li><li><strong>Pensadoras interdisciplinarias<\/strong>\u00a0bridging multiple fields to tackle questions no single discipline can answer alone<\/li><li><strong>Researchers in the Global South<\/strong> and those bringing diverse cultural perspectives to ensure our work reflects children\u2019s experiences worldwide<\/li><li><strong>Expertas en inteligencia artificial e investigadores t\u00e9cnicos<\/strong>\u00a0Interesado en c\u00f3mo los ni\u00f1os utilizan los sistemas (por ejemplo, evaluaci\u00f3n de modelos, equipos rojos).<\/li><li><strong>Investigadores-practicantes<\/strong>\u00a0en ONG, agencias de la ONU, gobiernos o instituciones afines que realizan investigaci\u00f3n aplicada en el campo.<\/li><\/ul><div>\u00a0<\/div><\/div><\/header>\t\t\t\t\t\t\t\t<\/div>\n\t\t\t\t<\/div>\n\t\t<div class=\"elementor-element elementor-element-bc24fa6 e-con-full e-flex e-con e-child\" data-id=\"bc24fa6\" data-element_type=\"container\">\n\t\t<div class=\"elementor-element elementor-element-e6aa942 e-con-full e-flex e-con e-child\" data-id=\"e6aa942\" data-element_type=\"container\" data-settings=\"{&quot;background_background&quot;:&quot;classic&quot;}\">\n\t\t\t\t<div class=\"elementor-element elementor-element-d11956e elementor-widget elementor-widget-heading\" data-id=\"d11956e\" data-element_type=\"widget\" data-widget_type=\"heading.default\">\n\t\t\t\t\t<h2 class=\"elementor-heading-title elementor-size-default\">Descripci\u00f3n del programa<\/h2>\t\t\t\t<\/div>\n\t\t\t\t<div class=\"elementor-element elementor-element-a01d17d elementor-widget elementor-widget-text-editor\" data-id=\"a01d17d\" data-element_type=\"widget\" data-widget_type=\"text-editor.default\">\n\t\t\t\t\t\t\t\t\t<header class=\"section\"><div class=\"container\"><div class=\"card\"><ul><li><strong>Duraci\u00f3n:<\/strong>\u00a0Plazos renovables anuales o bianuales<\/li><li><strong>Compromiso:<\/strong>\u00a0~2\u20134 horas\/mes; picos durante los simposios y colaboraciones<\/li><li><strong>Formato:<\/strong>\u00a0En l\u00ednea, global, interdisciplinario<\/li><\/ul><\/div><div class=\"card\">\u00a0<\/div><\/div><\/header>\t\t\t\t\t\t\t\t<\/div>\n\t\t\t\t<\/div>\n\t\t<div class=\"elementor-element elementor-element-72ad3ef e-con-full elementor-hidden-desktop elementor-hidden-tablet elementor-hidden-mobile e-flex e-con e-child\" data-id=\"72ad3ef\" data-element_type=\"container\" data-settings=\"{&quot;background_background&quot;:&quot;classic&quot;}\">\n\t\t\t\t<div class=\"elementor-element elementor-element-14f35e9 elementor-widget elementor-widget-heading\" data-id=\"14f35e9\" data-element_type=\"widget\" data-widget_type=\"heading.default\">\n\t\t\t\t\t<h2 class=\"elementor-heading-title elementor-size-default\">Aplicar ahora<\/h2>\t\t\t\t<\/div>\n\t\t\t\t<div class=\"elementor-element elementor-element-45aec44 elementor-widget elementor-widget-text-editor\" data-id=\"45aec44\" data-element_type=\"widget\" data-widget_type=\"text-editor.default\">\n\t\t\t\t\t\t\t\t\t<p>Las solicitudes se revisan de manera continua.<\/p>\t\t\t\t\t\t\t\t<\/div>\n\t\t\t\t<div class=\"elementor-element elementor-element-525b9b0 elementor-align-left elementor-widget elementor-widget-button\" data-id=\"525b9b0\" data-element_type=\"widget\" data-widget_type=\"button.default\">\n\t\t\t\t\t\t\t\t\t\t<a class=\"elementor-button elementor-button-link elementor-size-sm\" href=\"\/es\/apply\/\">\n\t\t\t\t\t\t<span class=\"elementor-button-content-wrapper\">\n\t\t\t\t\t\t\t\t\t<span class=\"elementor-button-text\">Aplicar<\/span>\n\t\t\t\t\t<\/span>\n\t\t\t\t\t<\/a>\n\t\t\t\t\t\t\t\t<\/div>\n\t\t\t\t<\/div>\n\t\t\t\t<\/div>\n\t\t\t\t\t<\/div>\n\t\t\t\t<\/div>\n\t\t<div class=\"elementor-element elementor-element-2924bd6 e-flex e-con-boxed e-con e-parent\" data-id=\"2924bd6\" data-element_type=\"container\">\n\t\t\t\t\t<div class=\"e-con-inner\">\n\t\t\t\t<div class=\"elementor-element elementor-element-701ba07 elementor-widget elementor-widget-heading\" data-id=\"701ba07\" data-element_type=\"widget\" data-widget_type=\"heading.default\">\n\t\t\t\t\t<h2 class=\"elementor-heading-title elementor-size-default\">Beneficios<\/h2>\t\t\t\t<\/div>\n\t\t\t\t\t<\/div>\n\t\t\t\t<\/div>\n\t\t<div class=\"elementor-element elementor-element-f382847 e-flex e-con-boxed e-con e-parent\" data-id=\"f382847\" data-element_type=\"container\">\n\t\t\t\t\t<div class=\"e-con-inner\">\n\t\t<div class=\"elementor-element elementor-element-33fd0fb e-con-full e-flex e-con e-child\" data-id=\"33fd0fb\" data-element_type=\"container\">\n\t\t<div class=\"elementor-element elementor-element-24d98f1 e-con-full e-flex e-con e-child\" data-id=\"24d98f1\" data-element_type=\"container\" data-settings=\"{&quot;background_background&quot;:&quot;classic&quot;}\">\n\t\t\t\t<div class=\"elementor-element elementor-element-2180262 elementor-widget elementor-widget-heading\" data-id=\"2180262\" data-element_type=\"widget\" data-widget_type=\"heading.default\">\n\t\t\t\t\t<h2 class=\"elementor-heading-title elementor-size-default\">Visibilidad profesional<\/h2>\t\t\t\t<\/div>\n\t\t\t\t<div class=\"elementor-element elementor-element-cdb53b9 elementor-widget elementor-widget-text-editor\" data-id=\"cdb53b9\" data-element_type=\"widget\" data-widget_type=\"text-editor.default\">\n\t\t\t\t\t\t\t\t\t<div class=\"card\"><ul><li>Active promotion through Lab channels and networks<\/li><li>Conexiones con medios de comunicaci\u00f3n, responsables de pol\u00edticas e industria<\/li><li>Amplificaci\u00f3n hacia diversas comunidades de inter\u00e9s<\/li><\/ul><\/div>\t\t\t\t\t\t\t\t<\/div>\n\t\t\t\t<\/div>\n\t\t\t\t<\/div>\n\t\t<div class=\"elementor-element elementor-element-19a369e e-con-full e-flex e-con e-child\" data-id=\"19a369e\" data-element_type=\"container\">\n\t\t<div class=\"elementor-element elementor-element-685a823 e-con-full e-flex e-con e-child\" data-id=\"685a823\" data-element_type=\"container\" data-settings=\"{&quot;background_background&quot;:&quot;classic&quot;}\">\n\t\t\t\t<div class=\"elementor-element elementor-element-898ecff elementor-widget elementor-widget-heading\" data-id=\"898ecff\" data-element_type=\"widget\" data-widget_type=\"heading.default\">\n\t\t\t\t\t<h2 class=\"elementor-heading-title elementor-size-default\">Comunidad intelectual<\/h2>\t\t\t\t<\/div>\n\t\t\t\t<div class=\"elementor-element elementor-element-f831283 elementor-widget elementor-widget-text-editor\" data-id=\"f831283\" data-element_type=\"widget\" data-widget_type=\"text-editor.default\">\n\t\t\t\t\t\t\t\t\t<ul><li>Red interdisciplinaria de investigadores innovadores<\/li><li>Participaci\u00f3n regular en los impactos sociales de la IA<\/li><li>Apoyo entre pares y resoluci\u00f3n colaborativa de problemas<\/li><\/ul>\t\t\t\t\t\t\t\t<\/div>\n\t\t\t\t<\/div>\n\t\t\t\t<\/div>\n\t\t<div class=\"elementor-element elementor-element-d530b20 e-con-full e-flex e-con e-child\" data-id=\"d530b20\" data-element_type=\"container\">\n\t\t<div class=\"elementor-element elementor-element-b019987 e-con-full e-flex e-con e-child\" data-id=\"b019987\" data-element_type=\"container\" data-settings=\"{&quot;background_background&quot;:&quot;classic&quot;}\">\n\t\t\t\t<div class=\"elementor-element elementor-element-0295f8c elementor-widget elementor-widget-heading\" data-id=\"0295f8c\" data-element_type=\"widget\" data-widget_type=\"heading.default\">\n\t\t\t\t\t<h2 class=\"elementor-heading-title elementor-size-default\">Desarrollo de la investigaci\u00f3n\n<\/h2>\t\t\t\t<\/div>\n\t\t\t\t<div class=\"elementor-element elementor-element-4ae847f elementor-widget elementor-widget-text-editor\" data-id=\"4ae847f\" data-element_type=\"widget\" data-widget_type=\"text-editor.default\">\n\t\t\t\t\t\t\t\t\t<div class=\"card\"><ul><li>Retroalimentaci\u00f3n constructiva a trav\u00e9s de disciplinas<\/li><li>Oportunidades para subvenciones colaborativas y estudios multisede<\/li><li>Acceso temprano a hallazgos y m\u00e9todos emergentes<\/li><li>Oportunidades de mentor\u00eda formal o informal (seg\u00fan disponibilidad)<\/li><\/ul><\/div><div class=\"card\">\u00a0<\/div>\t\t\t\t\t\t\t\t<\/div>\n\t\t\t\t<\/div>\n\t\t\t\t<\/div>\n\t\t<div class=\"elementor-element elementor-element-c211c55 e-con-full e-flex e-con e-child\" data-id=\"c211c55\" data-element_type=\"container\">\n\t\t<div class=\"elementor-element elementor-element-cc6b5f1 e-con-full e-flex e-con e-child\" data-id=\"cc6b5f1\" data-element_type=\"container\" data-settings=\"{&quot;background_background&quot;:&quot;classic&quot;}\">\n\t\t\t\t<div class=\"elementor-element elementor-element-77d22cf elementor-widget elementor-widget-heading\" data-id=\"77d22cf\" data-element_type=\"widget\" data-widget_type=\"heading.default\">\n\t\t\t\t\t<h2 class=\"elementor-heading-title elementor-size-default\">Impacto pr\u00e1ctico<\/h2>\t\t\t\t<\/div>\n\t\t\t\t<div class=\"elementor-element elementor-element-af0f2e2 elementor-widget elementor-widget-text-editor\" data-id=\"af0f2e2\" data-element_type=\"widget\" data-widget_type=\"text-editor.default\">\n\t\t\t\t\t\t\t\t\t<section class=\"section\"><div class=\"container\"><div class=\"cards\"><div class=\"card\"><ul><li>Canales para traducir la investigaci\u00f3n en pol\u00edticas y pr\u00e1cticas<\/li><li>Conexiones con socios de implementaci\u00f3n en educaci\u00f3n, tecnolog\u00eda y bienestar infantil<\/li><\/ul><\/div><\/div><\/div><\/section>\t\t\t\t\t\t\t\t<\/div>\n\t\t\t\t<\/div>\n\t\t\t\t<\/div>\n\t\t\t\t\t<\/div>\n\t\t\t\t<\/div>\n\t\t<div class=\"elementor-element elementor-element-b1951ff e-flex e-con-boxed e-con e-parent\" data-id=\"b1951ff\" data-element_type=\"container\">\n\t\t\t\t\t<div class=\"e-con-inner\">\n\t\t\t\t<div class=\"elementor-element elementor-element-e16d600 elementor-widget elementor-widget-heading\" data-id=\"e16d600\" data-element_type=\"widget\" data-widget_type=\"heading.default\">\n\t\t\t\t\t<h2 class=\"elementor-heading-title elementor-size-default\">Responsabilidades del becario<\/h2>\t\t\t\t<\/div>\n\t\t\t\t\t<\/div>\n\t\t\t\t<\/div>\n\t\t<div class=\"elementor-element elementor-element-b6729e0 e-flex e-con-boxed e-con e-parent\" data-id=\"b6729e0\" data-element_type=\"container\">\n\t\t\t\t\t<div class=\"e-con-inner\">\n\t\t<div class=\"elementor-element elementor-element-0421499 e-con-full e-flex e-con e-child\" data-id=\"0421499\" data-element_type=\"container\">\n\t\t<div class=\"elementor-element elementor-element-b5b9fa0 e-con-full e-flex e-con e-child\" data-id=\"b5b9fa0\" data-element_type=\"container\" data-settings=\"{&quot;background_background&quot;:&quot;classic&quot;}\">\n\t\t\t\t<div class=\"elementor-element elementor-element-22008f2 elementor-widget elementor-widget-heading\" data-id=\"22008f2\" data-element_type=\"widget\" data-widget_type=\"heading.default\">\n\t\t\t\t\t<h2 class=\"elementor-heading-title elementor-size-default\">Afiliaci\u00f3n p\u00fablica<\/h2>\t\t\t\t<\/div>\n\t\t\t\t<div class=\"elementor-element elementor-element-f18480c elementor-widget elementor-widget-text-editor\" data-id=\"f18480c\" data-element_type=\"widget\" data-widget_type=\"text-editor.default\">\n\t\t\t\t\t\t\t\t\t<div class=\"card\"><ul><li>Represent yourself as a Research Fellow of the Childhood and AI Lab<\/li><li>Include fellowship designation in professional communications and profiles<\/li><\/ul><\/div>\t\t\t\t\t\t\t\t<\/div>\n\t\t\t\t<\/div>\n\t\t\t\t<\/div>\n\t\t<div class=\"elementor-element elementor-element-4498292 e-con-full e-flex e-con e-child\" data-id=\"4498292\" data-element_type=\"container\">\n\t\t<div class=\"elementor-element elementor-element-bf2b181 e-con-full e-flex e-con e-child\" data-id=\"bf2b181\" data-element_type=\"container\" data-settings=\"{&quot;background_background&quot;:&quot;classic&quot;}\">\n\t\t\t\t<div class=\"elementor-element elementor-element-b2bc389 elementor-widget elementor-widget-heading\" data-id=\"b2bc389\" data-element_type=\"widget\" data-widget_type=\"heading.default\">\n\t\t\t\t\t<h2 class=\"elementor-heading-title elementor-size-default\">Visibilidad de la investigaci\u00f3n<\/h2>\t\t\t\t<\/div>\n\t\t\t\t<div class=\"elementor-element elementor-element-061b261 elementor-widget elementor-widget-text-editor\" data-id=\"061b261\" data-element_type=\"widget\" data-widget_type=\"text-editor.default\">\n\t\t\t\t\t\t\t\t\t<div class=\"card\"><ul><li>Proporcione biograf\u00eda, intereses y publicaciones seleccionadas para el Laboratorio<\/li><li>Contribuir con contenido a los canales del Laboratorio<\/li><li>Enviar actualizaciones breves semestrales sobre el progreso<\/li><\/ul><\/div><div class=\"card\">\u00a0<\/div>\t\t\t\t\t\t\t\t<\/div>\n\t\t\t\t<\/div>\n\t\t\t\t<\/div>\n\t\t<div class=\"elementor-element elementor-element-4e36a1f e-con-full e-flex e-con e-child\" data-id=\"4e36a1f\" data-element_type=\"container\">\n\t\t<div class=\"elementor-element elementor-element-e2142b5 e-con-full e-flex e-con e-child\" data-id=\"e2142b5\" data-element_type=\"container\" data-settings=\"{&quot;background_background&quot;:&quot;classic&quot;}\">\n\t\t\t\t<div class=\"elementor-element elementor-element-82c0165 elementor-widget elementor-widget-heading\" data-id=\"82c0165\" data-element_type=\"widget\" data-widget_type=\"heading.default\">\n\t\t\t\t\t<h2 class=\"elementor-heading-title elementor-size-default\">Asesor\u00eda experta\n<\/h2>\t\t\t\t<\/div>\n\t\t\t\t<div class=\"elementor-element elementor-element-f7b91d2 elementor-widget elementor-widget-text-editor\" data-id=\"f7b91d2\" data-element_type=\"widget\" data-widget_type=\"text-editor.default\">\n\t\t\t\t\t\t\t\t\t<div class=\"card\"><ul><li>Ofrecer orientaci\u00f3n ocasional dentro de su \u00e1rea de experiencia<\/li><li>Proporcionar aportes sobre iniciativas, prioridades y estrategia<\/li><\/ul><\/div><div class=\"card\">\u00a0<\/div>\t\t\t\t\t\t\t\t<\/div>\n\t\t\t\t<\/div>\n\t\t\t\t<\/div>\n\t\t<div class=\"elementor-element elementor-element-4fd3747 e-con-full e-flex e-con e-child\" data-id=\"4fd3747\" data-element_type=\"container\">\n\t\t<div class=\"elementor-element elementor-element-18e5d14 e-con-full e-flex e-con e-child\" data-id=\"18e5d14\" data-element_type=\"container\" data-settings=\"{&quot;background_background&quot;:&quot;classic&quot;}\">\n\t\t\t\t<div class=\"elementor-element elementor-element-ecb0ff7 elementor-widget elementor-widget-heading\" data-id=\"ecb0ff7\" data-element_type=\"widget\" data-widget_type=\"heading.default\">\n\t\t\t\t\t<h2 class=\"elementor-heading-title elementor-size-default\">Intercambio de investigaci\u00f3n<\/h2>\t\t\t\t<\/div>\n\t\t\t\t<div class=\"elementor-element elementor-element-136c97c elementor-widget elementor-widget-text-editor\" data-id=\"136c97c\" data-element_type=\"widget\" data-widget_type=\"text-editor.default\">\n\t\t\t\t\t\t\t\t\t<div class=\"card\"><ul><li>Compartir investigaciones relevantes a trav\u00e9s de los canales del Laboratorio<\/li><li>Opcional: presentar trabajos en curso en simposios internos<\/li><li>Participar en revisiones por pares y discusiones colaborativas<\/li><\/ul><\/div><div class=\"card\">\u00a0<\/div>\t\t\t\t\t\t\t\t<\/div>\n\t\t\t\t<\/div>\n\t\t\t\t<\/div>\n\t\t\t\t\t<\/div>\n\t\t\t\t<\/div>\n\t\t<div class=\"elementor-element elementor-element-6fbe1e9 e-flex e-con-boxed e-con e-parent\" data-id=\"6fbe1e9\" data-element_type=\"container\">\n\t\t\t\t\t<div class=\"e-con-inner\">\n\t\t<div class=\"elementor-element elementor-element-79b4e22 e-con-full e-flex e-con e-child\" data-id=\"79b4e22\" data-element_type=\"container\">\n\t\t<div class=\"elementor-element elementor-element-790116d e-con-full e-flex e-con e-child\" data-id=\"790116d\" data-element_type=\"container\" data-settings=\"{&quot;background_background&quot;:&quot;classic&quot;}\">\n\t\t\t\t<div class=\"elementor-element elementor-element-5b6f6cb elementor-widget elementor-widget-heading\" data-id=\"5b6f6cb\" data-element_type=\"widget\" data-widget_type=\"heading.default\">\n\t\t\t\t\t<h2 class=\"elementor-heading-title elementor-size-default\">Participaci\u00f3n p\u00fablica<\/h2>\t\t\t\t<\/div>\n\t\t\t\t<div class=\"elementor-element elementor-element-fbc4edb elementor-widget elementor-widget-text-editor\" data-id=\"fbc4edb\" data-element_type=\"widget\" data-widget_type=\"text-editor.default\">\n\t\t\t\t\t\t\t\t\t<section class=\"section\"><div class=\"container\"><div class=\"cards\"><div class=\"card\"><ul><li>Amplificar la investigaci\u00f3n y la misi\u00f3n en plataformas profesionales<\/li><li>Contribuir con art\u00edculos de liderazgo de pensamiento (aproximadamente dos veces al a\u00f1o)<\/li><li>Participar en paneles, seminarios web y eventos del Laboratorio seg\u00fan lo permita el calendario<\/li><\/ul><\/div><\/div><\/div><\/section><section class=\"section\"><div class=\"container\">\u00a0<\/div><\/section>\t\t\t\t\t\t\t\t<\/div>\n\t\t\t\t<\/div>\n\t\t\t\t<\/div>\n\t\t\t\t\t<\/div>\n\t\t\t\t<\/div>\n\t\t<div class=\"elementor-element elementor-element-ade3691 e-flex e-con-boxed e-con e-parent\" data-id=\"ade3691\" data-element_type=\"container\">\n\t\t\t\t\t<div class=\"e-con-inner\">\n\t\t\t\t<div class=\"elementor-element elementor-element-0463593 elementor-widget elementor-widget-heading\" data-id=\"0463593\" data-element_type=\"widget\" data-widget_type=\"heading.default\">\n\t\t\t\t\t<h2 class=\"elementor-heading-title elementor-size-default\">Consulting Opportunities<\/h2>\t\t\t\t<\/div>\n\t\t\t\t<div class=\"elementor-element elementor-element-97b9977 elementor-widget elementor-widget-text-editor\" data-id=\"97b9977\" data-element_type=\"widget\" data-widget_type=\"text-editor.default\">\n\t\t\t\t\t\t\t\t\t<section class=\"section\"><div class=\"container\"><p>Los becarios pueden actuar como consultores remunerados en proyectos del Laboratorio que se alineen con su experiencia y participar en el desarrollo de propuestas para trabajos relevantes. La colaboraci\u00f3n en investigaciones financiadas o compromisos de asesoramiento es posible y depende de los recursos disponibles para estudios espec\u00edficos.<\/p><\/div><\/section>\t\t\t\t\t\t\t\t<\/div>\n\t\t\t\t\t<\/div>\n\t\t\t\t<\/div>\n\t\t\t\t<\/div>","protected":false},"excerpt":{"rendered":"<p>About the Fellowship The Childhood and AI Lab Research Fellowship brings together innovative scholars investigating how AI affects children\u2019s cognition, learning, social relationships, mental health, creativity, identity, autonomy, and overall development and wellbeing. Program Overview The fellowship expands the number of researchers whose work advances our understanding of how AI shapes attention, learning, creativity, social [&hellip;]<\/p>","protected":false},"author":1,"featured_media":0,"parent":0,"menu_order":0,"comment_status":"closed","ping_status":"closed","template":"","meta":{"footnotes":""},"class_list":["post-953","page","type-page","status-publish","hentry"],"_links":{"self":[{"href":"https:\/\/childhoodandailab.org\/es\/wp-json\/wp\/v2\/pages\/953","targetHints":{"allow":["GET"]}}],"collection":[{"href":"https:\/\/childhoodandailab.org\/es\/wp-json\/wp\/v2\/pages"}],"about":[{"href":"https:\/\/childhoodandailab.org\/es\/wp-json\/wp\/v2\/types\/page"}],"author":[{"embeddable":true,"href":"https:\/\/childhoodandailab.org\/es\/wp-json\/wp\/v2\/users\/1"}],"replies":[{"embeddable":true,"href":"https:\/\/childhoodandailab.org\/es\/wp-json\/wp\/v2\/comments?post=953"}],"version-history":[{"count":29,"href":"https:\/\/childhoodandailab.org\/es\/wp-json\/wp\/v2\/pages\/953\/revisions"}],"predecessor-version":[{"id":1383,"href":"https:\/\/childhoodandailab.org\/es\/wp-json\/wp\/v2\/pages\/953\/revisions\/1383"}],"wp:attachment":[{"href":"https:\/\/childhoodandailab.org\/es\/wp-json\/wp\/v2\/media?parent=953"}],"curies":[{"name":"wp","href":"https:\/\/api.w.org\/{rel}","templated":true}]}}